{"id":2030,"date":"2023-07-12T17:02:02","date_gmt":"2023-07-12T17:02:02","guid":{"rendered":"https:\/\/sorina.qodeinteractive.com\/?page_id=2030"},"modified":"2024-10-10T12:17:21","modified_gmt":"2024-10-10T12:17:21","slug":"contacte-imma-mestre","status":"publish","type":"page","link":"https:\/\/desarrollo.estherbarniol.com\/sorina\/contacte-imma-mestre\/","title":{"rendered":"Contacte amb Imma Mestre il\u00b7lustradora"},"content":{"rendered":"\t\t<div data-elementor-type=\"wp-page\" data-elementor-id=\"2030\" class=\"elementor elementor-2030\">\n\t\t\t\t<div class=\"elementor-element elementor-element-6d02b0e e-con-full e-flex e-con e-parent\" data-id=\"6d02b0e\" data-element_type=\"container\">\n\t\t\t\t<div class=\"elementor-element elementor-element-2e0f29f elementor-widget elementor-widget-image\" data-id=\"2e0f29f\" data-element_type=\"widget\" data-widget_type=\"image.default\">\n\t\t\t\t<div class=\"elementor-widget-container\">\n\t\t\t<style>\/*! elementor - v3.22.0 - 26-06-2024 *\/\n.elementor-widget-image{text-align:center}.elementor-widget-image a{display:inline-block}.elementor-widget-image a img[src$=\".svg\"]{width:48px}.elementor-widget-image img{vertical-align:middle;display:inline-block}<\/style>\t\t\t\t\t\t\t\t\t\t<img decoding=\"async\" src=\"https:\/\/desarrollo.estherbarniol.com\/sorina\/wp-content\/uploads\/2024\/07\/CapceleraHome3maries.jpg\" title=\"CapceleraHome3maries\" alt=\"CapceleraHome3maries\" loading=\"lazy\" \/>\t\t\t\t\t\t\t\t\t\t\t\t\t<\/div>\n\t\t\t\t<\/div>\n\t\t\t\t<div class=\"elementor-element elementor-element-477f82b elementor-widget elementor-widget-text-editor\" data-id=\"477f82b\" data-element_type=\"widget\" data-widget_type=\"text-editor.default\">\n\t\t\t\t<div class=\"elementor-widget-container\">\n\t\t\t<style>\/*! elementor - v3.22.0 - 26-06-2024 *\/\n.elementor-widget-text-editor.elementor-drop-cap-view-stacked .elementor-drop-cap{background-color:#69727d;color:#fff}.elementor-widget-text-editor.elementor-drop-cap-view-framed .elementor-drop-cap{color:#69727d;border:3px solid;background-color:transparent}.elementor-widget-text-editor:not(.elementor-drop-cap-view-default) .elementor-drop-cap{margin-top:8px}.elementor-widget-text-editor:not(.elementor-drop-cap-view-default) .elementor-drop-cap-letter{width:1em;height:1em}.elementor-widget-text-editor .elementor-drop-cap{float:left;text-align:center;line-height:1;font-size:50px}.elementor-widget-text-editor .elementor-drop-cap-letter{display:inline-block}<\/style>\t\t\t\t<p>Hola! Com est\u00e0s?<\/p>\t\t\t\t\t\t<\/div>\n\t\t\t\t<\/div>\n\t\t\t\t<\/div>\n\t\t<div class=\"elementor-element elementor-element-3ca1f6c e-flex e-con-boxed e-con e-parent\" data-id=\"3ca1f6c\" data-element_type=\"container\">\n\t\t\t\t\t<div class=\"e-con-inner\">\n\t\t\t\t<div class=\"elementor-element elementor-element-a3697d0 elementor-widget elementor-widget-text-editor\" data-id=\"a3697d0\" data-element_type=\"widget\" data-widget_type=\"text-editor.default\">\n\t\t\t\t<div class=\"elementor-widget-container\">\n\t\t\t\t\t\t\t<p><span class=\"s1\">Aqu\u00ed em tens, esperant dibuixar-te un somriure o ajudar-te en tot all\u00f2 que necessitis.<\/span><\/p><div class=\"et_pb_module et_pb_text et_pb_text_1 et_pb_text_align_left et_pb_bg_layout_light\"><div class=\"et_pb_text_inner\"><p class=\"p1\"><span class=\"s1\">M\u2019encanta llegir-te, aix\u00ed que no et tallis i demana\u2019m informaci\u00f3 dels meus serveis o productes.<br \/>Si nom\u00e9s vols saludar-me, tamb\u00e9! Em far\u00e0s feli\u00e7 si puc ajudar-te!\u00a0<\/span><\/p><p class=\"p1\"><span class=\"s1\">Omple el formulari o escriu-me a\u00a0<a href=\"mailto:hola@immamestre.com\">hola@immamestre.com<\/a>.<br \/>Et contestar\u00e9 abans que el dia sigui de color blau fosc.<\/span><\/p><\/div><\/div>\t\t\t\t\t\t<\/div>\n\t\t\t\t<\/div>\n\t\t\t\t\t<\/div>\n\t\t\t\t<\/div>\n\t\t<div class=\"elementor-element elementor-element-9e2058e e-flex e-con-boxed e-con e-parent\" data-id=\"9e2058e\" data-element_type=\"container\" data-settings=\"{&quot;background_background&quot;:&quot;classic&quot;}\">\n\t\t\t\t\t<div class=\"e-con-inner\">\n\t\t<div class=\"elementor-element elementor-element-af8ebd8 e-con-full e-flex e-con e-child\" data-id=\"af8ebd8\" data-element_type=\"container\">\n\t\t\t\t<div class=\"elementor-element elementor-element-02f962d elementor-widget-mobile__width-initial elementor-widget elementor-widget-text-editor\" data-id=\"02f962d\" data-element_type=\"widget\" data-widget_type=\"text-editor.default\">\n\t\t\t\t<div class=\"elementor-widget-container\">\n\t\t\t\t\t\t\t<p>Digues, estic llesta per dibuixar all\u00f2 que necessitis.<\/p>\t\t\t\t\t\t<\/div>\n\t\t\t\t<\/div>\n\t\t\t\t<div class=\"elementor-element elementor-element-5e62eeb elementor-widget__width-initial elementor-widget elementor-widget-wp-widget-sorina_core_contact_form_7\" data-id=\"5e62eeb\" data-element_type=\"widget\" data-widget_type=\"wp-widget-sorina_core_contact_form_7.default\">\n\t\t\t\t<div class=\"elementor-widget-container\">\n\t\t\t\t\t\t<div class=\"qodef-contact-form-7\">\n\t\t\t\t\n<div class=\"wpcf7 no-js\" id=\"wpcf7-f31-o1\" lang=\"en-US\" dir=\"ltr\">\n<div class=\"screen-reader-response\"><p role=\"status\" aria-live=\"polite\" aria-atomic=\"true\"><\/p> <ul><\/ul><\/div>\n<form action=\"\/sorina\/wp-json\/wp\/v2\/pages\/2030#wpcf7-f31-o1\" method=\"post\" class=\"wpcf7-form init\" aria-label=\"Contact form\" novalidate=\"novalidate\" data-status=\"init\">\n<div style=\"display: none;\">\n<input type=\"hidden\" name=\"_wpcf7\" value=\"31\" \/>\n<input type=\"hidden\" name=\"_wpcf7_version\" value=\"5.9.6\" \/>\n<input type=\"hidden\" name=\"_wpcf7_locale\" value=\"en_US\" \/>\n<input type=\"hidden\" name=\"_wpcf7_unit_tag\" value=\"wpcf7-f31-o1\" \/>\n<input type=\"hidden\" name=\"_wpcf7_container_post\" value=\"0\" \/>\n<input type=\"hidden\" name=\"_wpcf7_posted_data_hash\" value=\"\" \/>\n<\/div>\n<span class=\"wpcf7-form-control-wrap\" data-name=\"full-name\"><input size=\"40\" maxlength=\"80\" class=\"wpcf7-form-control wpcf7-text wpcf7-validates-as-required\" autocomplete=\"name\" aria-required=\"true\" aria-invalid=\"false\" placeholder=\"Nom\" value=\"\" type=\"text\" name=\"full-name\" \/><\/span>\n<span class=\"wpcf7-form-control-wrap\" data-name=\"e-email\"><input size=\"40\" maxlength=\"80\" class=\"wpcf7-form-control wpcf7-email wpcf7-validates-as-required wpcf7-text wpcf7-validates-as-email\" autocomplete=\"email\" aria-required=\"true\" aria-invalid=\"false\" placeholder=\"Mail\" value=\"\" type=\"email\" name=\"e-email\" \/><\/span>\n<span class=\"wpcf7-form-control-wrap\" data-name=\"text\"><textarea cols=\"40\" rows=\"9\" maxlength=\"400\" class=\"wpcf7-form-control wpcf7-textarea\" aria-invalid=\"false\" placeholder=\"Missatge\" name=\"text\"><\/textarea><\/span>\n<button class=\"wpcf7-form-control wpcf7-submit qodef-button qodef-size--normal qodef-layout--outlined qodef-m\" type=\"submit\"><svg class=\"qodef-svg--button-shape\" preserveAspectRatio=\"none\" xmlns=\"http:\/\/www.w3.org\/2000\/svg\" width=\"161.271\" height=\"43.773\" viewBox=\"0 0 161.271 43.773\"><g fill=\"none\" stroke=\"currentColor\" stroke-width=\"2\"><path pathLength=\"1\" d=\"M.047 8.268S38.913 6.45 79.208 6.45s82.02 1.818 82.02 1.818\"\/><path pathLength=\"1\" d=\"M.047 39.284s38.866-1.818 79.161-1.818 82.02 1.818 82.02 1.818\"\/><path pathLength=\"1\" d=\"M13.707 43.666s-1.221-15.508-1.221-26.377a98.3 98.3 0 0 1 1.221-17.1\"\/><path pathLength=\"1\" d=\"M150.476 43.666s-1.212-11.358-1.212-22.227A208.329 208.329 0 0 1 150.476.192\"\/><\/g><\/svg><span class=\"qodef-m-text\">Enviar<\/span><\/button><p style=\"display: none !important;\" class=\"akismet-fields-container\" data-prefix=\"_wpcf7_ak_\"><label>&#916;<textarea name=\"_wpcf7_ak_hp_textarea\" cols=\"45\" rows=\"8\" maxlength=\"100\"><\/textarea><\/label><input type=\"hidden\" id=\"ak_js_1\" name=\"_wpcf7_ak_js\" value=\"227\"\/><script>document.getElementById( \"ak_js_1\" ).setAttribute( \"value\", ( new Date() ).getTime() );<\/script><\/p><div class=\"wpcf7-response-output\" aria-hidden=\"true\"><\/div>\n<\/form>\n<\/div>\n\t\t\t<\/div>\n\t\t\t\t\t<\/div>\n\t\t\t\t<\/div>\n\t\t\t\t<div class=\"elementor-element elementor-element-4ab76c5 elementor-widget__width-initial elementor-widget elementor-widget-text-editor\" data-id=\"4ab76c5\" data-element_type=\"widget\" data-widget_type=\"text-editor.default\">\n\t\t\t\t<div class=\"elementor-widget-container\">\n\t\t\t\t\t\t\t<div class=\"et_pb_module et_pb_text et_pb_text_3 et_pb_text_align_left et_pb_bg_layout_light\"><div class=\"et_pb_text_inner\"><p><b>RESPONSABLE DEL<\/b> <b>TRACTAMENT<\/b>: <b>Imma Mestre Cunillera<\/b><\/p><p><b>FINALITAT<\/b>: Atendre la sol\u00b7licitud de l\u2019usuari.<\/p><p><b>LEGITIMACI\u00d3<\/b>: Consentiment de l&#8217;interessat.<\/p><p><b>CESSIONS<\/b>: No es preveuen cessions, excepte per obligaci\u00f3 legal o requeriment judicial.<\/p><p><b>DRETS<\/b>: Acc\u00e9s, rectificaci\u00f3, supressi\u00f3, oposici\u00f3, limitaci\u00f3, portabilitat, revocaci\u00f3 del consentiment. Si considera que el tractament de les seves dades no s&#8217;ajusta a la normativa, pot acudir a l&#8217;Autoritat de Control (<a href=\"http:\/\/www.aepd.es\">www.aepd.es<\/a>).<\/p><p><b>INFORMACI\u00d3<\/b> <b>ADDICIONAL<\/b>: m\u00e9s informaci\u00f3 en la nostra <a href=\"https:\/\/www.immamestre.com\/politica-de-privacitat\/\">pol\u00edtica de privacitat.<\/a><\/p>Accepto que es tractin les meves dades per a atendre la sol\u00b7licitud d&#8217;informaci\u00f3.<\/div><\/div><div>\u00a0<\/div>\t\t\t\t\t\t<\/div>\n\t\t\t\t<\/div>\n\t\t\t\t<\/div>\n\t\t\t\t\t<\/div>\n\t\t\t\t<\/div>\n\t\t\t\t<\/div>\n\t\t","protected":false},"excerpt":{"rendered":"<p>Hola! Com est\u00e0s? Aqu\u00ed em tens, esperant dibuixar-te un somriure o ajudar-te en tot all\u00f2 que necessitis. M\u2019encanta llegir-te, aix\u00ed que no et tallis i demana\u2019m informaci\u00f3 dels meus serveis o productes.Si nom\u00e9s vols saludar-me, tamb\u00e9! Em far\u00e0s feli\u00e7 si puc ajudar-te!\u00a0 Omple el formulari o escriu-me a\u00a0hola@immamestre.com.Et contestar\u00e9 abans que el dia sigui de [&hellip;]<\/p>\n","protected":false},"author":1,"featured_media":0,"parent":0,"menu_order":0,"comment_status":"closed","ping_status":"closed","template":"page-full-width.php","meta":{"footnotes":""},"_links":{"self":[{"href":"https:\/\/desarrollo.estherbarniol.com\/sorina\/wp-json\/wp\/v2\/pages\/2030"}],"collection":[{"href":"https:\/\/desarrollo.estherbarniol.com\/sorina\/wp-json\/wp\/v2\/pages"}],"about":[{"href":"https:\/\/desarrollo.estherbarniol.com\/sorina\/wp-json\/wp\/v2\/types\/page"}],"author":[{"embeddable":true,"href":"https:\/\/desarrollo.estherbarniol.com\/sorina\/wp-json\/wp\/v2\/users\/1"}],"replies":[{"embeddable":true,"href":"https:\/\/desarrollo.estherbarniol.com\/sorina\/wp-json\/wp\/v2\/comments?post=2030"}],"version-history":[{"count":51,"href":"https:\/\/desarrollo.estherbarniol.com\/sorina\/wp-json\/wp\/v2\/pages\/2030\/revisions"}],"predecessor-version":[{"id":9542,"href":"https:\/\/desarrollo.estherbarniol.com\/sorina\/wp-json\/wp\/v2\/pages\/2030\/revisions\/9542"}],"wp:attachment":[{"href":"https:\/\/desarrollo.estherbarniol.com\/sorina\/wp-json\/wp\/v2\/media?parent=2030"}],"curies":[{"name":"wp","href":"https:\/\/api.w.org\/{rel}","templated":true}]}}