{"id":8901,"date":"2024-09-24T15:47:05","date_gmt":"2024-09-24T15:47:05","guid":{"rendered":"https:\/\/desarrollo.estherbarniol.com\/sorina\/?page_id=8901"},"modified":"2024-10-10T11:22:26","modified_gmt":"2024-10-10T11:22:26","slug":"politica-de-privacitat","status":"publish","type":"page","link":"https:\/\/desarrollo.estherbarniol.com\/sorina\/politica-de-privacitat\/","title":{"rendered":"Pol\u00edtica de privacitat"},"content":{"rendered":"\t\t<div data-elementor-type=\"wp-page\" data-elementor-id=\"8901\" class=\"elementor elementor-8901\">\n\t\t\t\t<div class=\"elementor-element elementor-element-cf85805 e-flex e-con-boxed e-con e-parent\" data-id=\"cf85805\" data-element_type=\"container\">\n\t\t\t\t\t<div class=\"e-con-inner\">\n\t\t\t\t<div class=\"elementor-element elementor-element-dc4d659 elementor-widget elementor-widget-text-editor\" data-id=\"dc4d659\" data-element_type=\"widget\" data-widget_type=\"text-editor.default\">\n\t\t\t\t<div class=\"elementor-widget-container\">\n\t\t\t<style>\/*! elementor - v3.22.0 - 26-06-2024 *\/\n.elementor-widget-text-editor.elementor-drop-cap-view-stacked .elementor-drop-cap{background-color:#69727d;color:#fff}.elementor-widget-text-editor.elementor-drop-cap-view-framed .elementor-drop-cap{color:#69727d;border:3px solid;background-color:transparent}.elementor-widget-text-editor:not(.elementor-drop-cap-view-default) .elementor-drop-cap{margin-top:8px}.elementor-widget-text-editor:not(.elementor-drop-cap-view-default) .elementor-drop-cap-letter{width:1em;height:1em}.elementor-widget-text-editor .elementor-drop-cap{float:left;text-align:center;line-height:1;font-size:50px}.elementor-widget-text-editor .elementor-drop-cap-letter{display:inline-block}<\/style>\t\t\t\t<h6><strong>POL\u00cdTICA DE PRIVACITAT<\/strong><\/h6><p><b>INTRODUCCI\u00d3<\/b><\/p><p>La seva privacitat \u00e9s important per a nosaltres, aix\u00ed que, mitjan\u00e7ant aquest document, li expliquem quines dades recollim dels usuaris, com els utilitzem i per a qu\u00e8, entre altres indicacions.<\/p><p>Per a la seva informaci\u00f3, mai demanarem m\u00e9s informaci\u00f3 de la que realment necessitarem per als serveis requerits; mai la compartirem amb tercers, excepte per obligaci\u00f3 legal o amb la seva autoritzaci\u00f3 pr\u00e8via; i mai utilitzarem les seves dades per a una altra finalitat no indicada pr\u00e8viament.<\/p><p>Com a usuaris, haur\u00e0 de llegir atentament aquesta Pol\u00edtica de privacitat de manera regular, i sempre que introdueixi les seves dades personals, ja que aquest document pot sofrir modificacions ja que el prestador pot modificar qualsevol tipus d&#8217;informaci\u00f3 que pogu\u00e9s apar\u00e8ixer en la web per a complir amb la normativa o actualitzar la pol\u00edtica, i sense que existeixi l&#8217;obligaci\u00f3 de preavisar o posar en coneixement dels usuaris aquestes obligacions, sent suficients la publicaci\u00f3 en el lloc web del prestador.<\/p><h6><b>RESPONSABLE DEL TRACTAMENT:<\/b><\/h6><p>Identitat:<b>\u00a0Imma Mestre Cunillera <\/b>(tamb\u00e9 el prestador)<\/p><p>NIF:<b> 46680356Q<\/b> <b>\u00a0<\/b><\/p><p>Direcci\u00f3 postal:<b>\u00a0C\/ Ferran Puig, 61, 08292, Esparreguera, Barcelona<\/b><\/p><p>Correu electr\u00f2nic:<b>\u00a0hola@immamestre.com<\/b><\/p><p><b>Imma Mestre Cunillera<\/b>, com a responsable del lloc web, de conformitat amb el que es disposa en el Reglament (UE) 2016\/679 de 27 d&#8217;abril de 2016 (RGPD) relatiu a la protecci\u00f3 de les persones f\u00edsiques pel que fa al tractament de dades personals ja la lliure circulaci\u00f3 d&#8217;aquestes dades i altra normativa vigent en mat\u00e8ria de protecci\u00f3 de dades personals, i per la Llei 34\/2002, d&#8217;11 de juliol, de Serveis de la Societat de la Informaci\u00f3 i del Comer\u00e7 Electr\u00f2nic (LSSICE), l&#8217;informa que t\u00e9 implementades les mesures de seguretat necess\u00e0ries, d&#8217;\u00edndole t\u00e8cnica i organitzatives, per a garantir i protegir la confidencialitat, integritat i disponibilitat de les dades introdu\u00efdes.<\/p><h6><b>M\u00c8TODE D&#8217;OBTENCI\u00d3 DE LES DADES, QUINES DADES RECAPTEM i LA SEVA FINALITAT:<\/b><\/h6><p>Les dades que recollim, la forma en qu\u00e8 els obtenim i la finalitat del tractament \u00e9s la seg\u00fcent:<\/p><ol><li aria-level=\"1\"><b>Formularis de contacte i\/o requeriment d&#8217;informaci\u00f3<\/b>:<ul><li aria-level=\"2\">Dades requerides: nom, mail<\/li><li aria-level=\"2\">Finalitat: per a respondre a les consultes i\/o proporcionar informacions requerides per l&#8217;Usuari<\/li><li aria-level=\"2\">Legitimaci\u00f3: consentiment de l&#8217;usuari<\/li><\/ul><\/li><li aria-level=\"1\"><b>Formulari de registre<\/b>:<ul><li aria-level=\"2\">Dades requerides: nom, mail<\/li><li aria-level=\"2\">Finalitat: per a la creaci\u00f3 d&#8217;un compte d&#8217;usuari i pugui accedir a les funcionalitats de la web<\/li><li aria-level=\"2\">Legitimaci\u00f3: consentiment de l&#8217;usuari<\/li><\/ul><\/li><li aria-level=\"1\"><b>Formularis de subscripci\u00f3 a la newsletter<\/b>:<ul><li aria-level=\"2\">Dades requerides: nom, mail<\/li><li aria-level=\"2\">Finalitat: Enviar-te informaci\u00f3 comercial del teu inter\u00e8s sobre els nostres productes i\/o serveis a trav\u00e9s del mail, SMS, comunitats socials o qualsevol altre mitj\u00e0 electr\u00f2nic o f\u00edsic, en cas que l&#8217;Usuari l&#8217;hagi consentit expressament;<\/li><li aria-level=\"2\">Legitimaci\u00f3: Consentiment de l&#8217;usuari<\/li><\/ul><\/li><li aria-level=\"1\"><b>Si compra <\/b>el producte a trav\u00e9s de la nostra p\u00e0gina web:<ul><li aria-level=\"2\">Dades requerides: nom i cognoms, adre\u00e7a, email, tel\u00e8fon, DNI i informaci\u00f3 sobre una targeta de cr\u00e8dit o de d\u00e8bit.<\/li><li aria-level=\"2\">Finalitat: compra del nostre producte<\/li><li aria-level=\"2\">Legitimaci\u00f3: consentiment de l&#8217;usuari<\/li><\/ul><\/li><li aria-level=\"1\"><b>Comentaris en el blog:<\/b><ul><li aria-level=\"2\">Dades requerides: nom, email<\/li><li aria-level=\"2\">Finalitat: quan l&#8217;usuari s&#8217;hagi donat d&#8217;alta en el bloc, podr\u00e0 comentar dins del f\u00f2rum, tant per a plantejar q\u00fcestions com per a respondre preguntes<\/li><li aria-level=\"2\">Legitimaci\u00f3: consentiment de l&#8217;usuari<\/li><\/ul><\/li><li aria-level=\"1\"><b>Dur a terme la relaci\u00f3 contractual i les gestions administratives, fiscals i comptables <\/b>an\u00e0logues i que siguin necess\u00e0ries en virtut de la legislaci\u00f3 vigent:<ul><li aria-level=\"2\">Dades requerides: nom i cognoms, tel\u00e8fon, adre\u00e7a, DNI, email, signatura<\/li><li aria-level=\"2\">Finalitat: dur a terme la gesti\u00f3 comercial fiscal i administrativa interna<\/li><li aria-level=\"2\">Legitimaci\u00f3: Consentiment de l&#8217;interessat i relaci\u00f3 contractual.<\/li><\/ul><\/li><\/ol><p>Les fotografies que estiguin penjades en la p\u00e1gina web s\u00f3n propietat de <b>Imma Mestre Cunillera<\/b>.<\/p><p>Pot revocar en qualsevol moment el seu consentiment remetent un escrit amb l&#8217;assumpte &#8220;Baixa&#8221; en el mail ressenyat.<\/p><p>D&#8217;acord amb la LSSICE, <b>Imma Mestre Cunillera<\/b> no realitza pr\u00e0ctiques de SPAM, per tant, no envia correus comercials per e-mail que no hagin estat pr\u00e8viament sol\u00b7licitats o autoritzats per l&#8217;Usuari. En conseq\u00fc\u00e8ncia, en totes les comunicacions que rebr\u00e0 del prestador, l&#8217;usuari t\u00e9 la possibilitat de cancel\u00b7lar el seu consentiment expr\u00e9s per a rebre les nostres comunicacions.<\/p><p>No tractarem les seves dades personals per a cap altre fi de les descrites excepte per obligaci\u00f3 legal o requeriment judicial.<\/p><p>No ser\u00e0 objecte de decisions basades en tractaments automatitzats que produeixin efectes sobre les seves dades.<\/p><h6><b>TERMINI DE CONSERVACI\u00d3 DE LES DADES:<\/b><\/h6><p>Les seves dades es conservaran mentre duri la relaci\u00f3 comercial amb nosaltres o exerceix el seu dret de cancel\u00b7laci\u00f3 o oposici\u00f3, o limitaci\u00f3 al tractament. No obstant aix\u00f2, conservarem les seves dades en els terminis legalment previstos en les disposicions aplicables.<\/p><h6><b>DESTINATARIS DE CESSIONS O TRANSFER\u00c8NCIES:<\/b><\/h6><p><b>Imma Mestre Cunillera<\/b> \u00fanicament facilitar\u00e0 informaci\u00f3 a les forces i cossos de seguretat sota ordre judicial o per obligaci\u00f3 d&#8217;una norma legal, sense perjudici de poder bloquejar o cancel\u00b7lar el seu compte si pot haver-hi indicis de la comissi\u00f3 d&#8217;algun delicte per part de l&#8217;usuari. La informaci\u00f3 facilitada ser\u00e0 nom\u00e9s la que disposi en aquest moment el prestador.<\/p><p>La informaci\u00f3 que ens proporcioni a trav\u00e9s d&#8217;aquest lloc web ser\u00e0 allotjada en els servidors d&#8217;<b>Imma Mestre Cunillera<\/b>, contractats a l&#8217;empresa que presta el servei d&#8217;allotjament de la web. El tractament de les dades de l&#8217;entitat es troba regulat mitjan\u00e7ant un contracte d&#8217;encarregat del tractament entre el prestador i aquesta empresa.<\/p><p>Aix\u00ed mateix, el prestador utilitza determinades eines per a prestar serveis necessaris per al desenvolupament de l&#8217;activitat, podent emmagatzemar les seves dades. Aquestes eines s\u00f3n les seg\u00fcents:<\/p><p><b>Google Analytics<\/b>: per a realitzar una an\u00e0lisi i m\u00e8trica de l&#8217;\u00fas que els usuaris fan de la web a trav\u00e9s de les cookies. La informaci\u00f3 que generen i recopilen aquestes cookies sobre l&#8217;\u00fas (incloent l&#8217;adre\u00e7a IP) ser\u00e0 directament transmesa i arxivada per Google Inc., situada a Delaware, 1600 Amphitheatre Parkway, muntar\u00e9 View (Calif\u00f2rnia), CA 94043 dels Estats Units ( &#8221; Google &#8220;), en els seus servidors dels Estats Units.<\/p><p><b>Email Marketing<\/b>: s&#8217;utilitza per al servei de mail m\u00e0rqueting: MAILCHIMP, The Rocket Science Group, LLC 675 Ponce de Leon Ave NE Suite 5000 Atlanta, GA 30308 USA, empresa del grup Intuit Inc.<\/p><p><b>Plataforma ecommerce: <\/b>s&#8217;utilitza per al servei de ecommerce: WOOCOMMERCE de Automattic Inc. 60 29th St # 343, San Francisco, CA 94110<\/p><h6><b>DRETS DE LES PERSONES INTERESSADES:<\/b><\/h6><p>Com a usuari-interessat, pot sol\u00b7licitar l&#8217;exercici dels seg\u00fcents drets davant <b>Imma Mestre Cunillera<\/b> presentant un escrit a l&#8217;adre\u00e7a postal de l&#8217;encap\u00e7alament o enviant un correu electr\u00f2nic a hola@immamestre.com, indicant com a Assumpte: &#8220;PROTECCI\u00d3 DE DADES: DRETS DELS AFECTATS\u201d.<\/p><p>Drets:<\/p><ul><li aria-level=\"1\"><b>Dret d&#8217;acc\u00e9s<\/b>: permet a l&#8217;interessat con\u00e8ixer i obtenir informaci\u00f3 sobre les seves dades de car\u00e0cter personal sotmesos a tractament.<\/li><\/ul><ul><li style=\"list-style-type: none;\"><ul><li aria-level=\"1\"><b>Dret de rectificaci\u00f3<\/b>: permet corregir errors i modificar les dades que resultin ser inexactes o incomplets.<\/li><li aria-level=\"1\"><b>Dret de supressi\u00f3<\/b>: permet que se suprimeixin les dades que siguin inadequats o excessius.<\/li><\/ul><\/li><\/ul><ul><li aria-level=\"1\"><b>Dret d&#8217;oposici\u00f3<\/b>: dret de l&#8217;interessat al fet que no es dugui a terme el tractament de les seves dades de car\u00e0cter personal o se cessi en aquest.<\/li><\/ul><ul><li style=\"list-style-type: none;\"><ul><li aria-level=\"1\"><b>Limitaci\u00f3 del tractament<\/b>: comporta el marcat de les dades personals conservades, amb la finalitat de limitar el seu futur tractament, per a l&#8217;exercici o la defensa de reclamacions.<\/li><\/ul><\/li><\/ul><ul><li aria-level=\"1\"><b>Portabilitat de les dades<\/b>: facilitaci\u00f3 de les dades objecte de tractament a l&#8217;interessat, perqu\u00e8 aquest pugui transmetre a un altre responsable, sense impediments.<\/li><\/ul><ul><li aria-level=\"1\"><b>Dret a no ser objecte de decisions individuals automatitzades (inclosa l&#8217;elaboraci\u00f3 de perfils)<\/b>: dret a no ser objecte d&#8217;una decisi\u00f3 basada en el tractament automatitzat que produeixi efectes o afecti significativament.<\/li><\/ul><p>Com a usuari, t\u00e9 dret a retirar el consentiment donat en qualsevol moment. La retirada del consentiment no afectar\u00e0 la licitud del tractament efectuat abans de la retirada del consentiment.<\/p><p>Tamb\u00e9 t\u00e9 dret a presentar una reclamaci\u00f3 davant l&#8217;autoritat de control si considera que poden haver-se vist vulnerats els seus drets en relaci\u00f3 amb la protecci\u00f3 de les seves dades (aepd.es).<\/p><h6><b>INFORMACI\u00d3 ADDICIONAL<\/b><\/h6><p><b>MESURES DE SEGURETAT:<\/b><\/p><p>Les dades que ens faciliti es tractaran de manera confidencial. El prestador ha adoptat totes les mesures t\u00e8cniques i organitzatives i tots els nivells de protecci\u00f3 necessaris per a garantir la seguretat en el tractament de les dades i evitar la seva alteraci\u00f3, p\u00e8rdua, robatori, tractament o acc\u00e9s no autoritzat, d&#8217;acord amb l&#8217;estat de la tecnologia i naturalesa de les dades emmagatzemades. Aix\u00ed mateix, es garanteix tamb\u00e9 que el tractament i registre en fitxers, programes, sistemes o equips, locals i centres compleixen amb els requisits i condicions d&#8217;integritat i seguretat establertes en la normativa vigent.<\/p><p><b>IDIOMA<\/b><\/p><p>L&#8217;idioma aplicable a aquesta pol\u00edtica de privacitat \u00e9s el castell\u00e0. Per tant, en cas que hi hagu\u00e9s alguna contradicci\u00f3 en alguna de les versions facilitades en altres idiomes, prevaldr\u00e0 la versi\u00f3 en castell\u00e0.<\/p><p><b>XARXES SOCIALS<\/b><\/p><p>L&#8217;informem que <b>Imma Mestre Cunillera<\/b> pot tenir pres\u00e8ncia en xarxes socials. El tractament de les dades que es dugui a terme de les persones que es facin seguidores en les xarxes socials (i \/ o realitzin qualsevol vincle o acci\u00f3 de connexi\u00f3 a trav\u00e9s de les xarxes socials) de les p\u00e0gines oficials d&#8217;<b>Imma Mestre Cunillera<\/b> es regir\u00e0 per aquest apartat, aix\u00ed com per a aquelles condicions d&#8217;\u00fas, pol\u00edtiques de privacitat i normatives d&#8217;acc\u00e9s que pertanyin a la xarxa social que procedeixi en cada cas i acceptades pr\u00e8viament per l&#8217;usuari.<\/p><p><b>Imma Mestre Cunillera<\/b> tractar\u00e0 les seves dades amb les finalitats d&#8217;administrar correctament la seva pres\u00e8ncia en la xarxa social, informant d&#8217;activitats, productes o serveis del prestador, aix\u00ed com per a qualsevol altra finalitat que les normatives de les Xarxes Socials permetin.<\/p><p>Queda prohibida la publicaci\u00f3 de continguts:<\/p><p>&#8211; Que siguin presumptament il\u00b7l\u00edcits per la normativa nacional, comunit\u00e0ria o internacional o que realitzin activitats presumptament il\u00b7l\u00edcites o contravinguin els principis de la bona fe.<\/p><p>&#8211; Que atemptin contra els drets fonamentals de les persones, faltin a la cortesia en la xarxa, molestin o puguin generar opinions negatives en els nostres usuaris o tercers i en general qualssevol siguin els continguts que <b>Imma Mestre Cunillera<\/b> consideri inapropiats.<\/p><p>&#8211; I en general que contravinguin els principis de legalitat, honradesa, responsabilitat, protecci\u00f3 de la dignitat humana, protecci\u00f3 de menors, protecci\u00f3 de l&#8217;ordre p\u00fablic, la protecci\u00f3 de la vida privada, la protecci\u00f3 del consumidor i els drets de propietat intel\u00b7lectual i industrial.<\/p><p>Aix\u00ed mateix, <b>Imma Mestre Cunillera<\/b> es reserva la potestat de retirar, sense previ av\u00eds del lloc web o de la xarxa social corporativa aquells continguts que es consideren inadequats.<\/p><p>En tot cas, si Vost\u00e8 remet informaci\u00f3 personal a trav\u00e9s de la xarxa social, <b>Imma Mestre Cunillera<\/b> quedar\u00e0 exempt de responsabilitat en relaci\u00f3 amb les mesures de seguretat aplicables a la present plataforma i l&#8217;usuari, en cas de voler con\u00e8ixer-les, ha de consultar les corresponents condicions particulars de la xarxa en q\u00fcesti\u00f3.<\/p><p><b>PUBLICACI\u00d3 DEL SEU TESTIMONIATGE<\/b><\/p><p>En cas que l&#8217;usuari vulgui publicar la seva opini\u00f3 en la web, l&#8217;informem que les dades aportades seran tractats per a atendre els suggeriments proposats, experi\u00e8ncies o opinions respecte dels productes per a ser publicades en la p\u00e0gina web i aix\u00ed poder ajudar a altres usuaris. Les dades es conservaran mentre hi hagi un inter\u00e8s mutu per a mantenir la fi del tractament i quan ja no sigui necessari per a tal fi, se suprimiran amb mesures de seguretat adequades per a garantir la seudonimizaci\u00f3n de les dades o destrucci\u00f3 total d&#8217;aquests. Els testimonis es publicaran en la nostra p\u00e0gina web. Les dades personals que es publicaran del testimoni seran el seu nom i professi\u00f3.<\/p><p><b>PUBLICACI\u00d3 DEL SEU COMENTARI<\/b><\/p><p>En cas que l&#8217;usuari vulgui publicar la seva opini\u00f3 en la web, l&#8217;informem que les dades aportades seran tractats per a atendre els suggeriments proposats, experi\u00e8ncies o opinions respecte dels productes per a ser publicades en la p\u00e0gina web i aix\u00ed poder ajudar a altres usuaris. Les dades es conservaran mentre hi hagi un inter\u00e8s mutu per a mantenir la fi del tractament i quan ja no sigui necessari per a tal fi, se suprimiran amb mesures de seguretat adequades per a garantir la seudonimizaci\u00f3n de les dades o destrucci\u00f3 total d&#8217;aquests. Els testimonis es publicaran en la nostra p\u00e0gina web. L&#8217;\u00fanica dada personal que es publicar\u00e0 del testimoni ser\u00e0 el seu nom.<\/p><p><b>CANVIS EN LA PRESENT POL\u00cdTICA DE PRIVACITAT<\/b><\/p><p><b>Imma Mestre Cunillera<\/b> es reserva el dret a modificar la present pol\u00edtica per a adaptar-la a novetats legislatives o jurisprudencials.<\/p><p><b>REVOCABILITAT<\/b><\/p><p>El consentiment prestat, tant pel tractament com per a la cessi\u00f3 de les dades dels interessats, \u00e9s revocable en qualsevol moment comunicant-lo a <b>Imma Mestre Cunillera<\/b> en els termes establerts en aquesta Pol\u00edtica per a l&#8217;exercici dels drets. Aquesta revocaci\u00f3 en cap cas tindr\u00e0 car\u00e0cter retroactiu.<\/p><p><b>LEGISLACI\u00d3<\/b><\/p><p>Amb car\u00e0cter general les relacions entre <b>Imma Mestre Cunillera<\/b> amb els Usuaris dels seus serveis telem\u00e0tics, presents en aquesta web, estan sotmesos a la legislaci\u00f3 i jurisdicci\u00f3 espanyola a la qual se sotmeten expressament les parts, sent competents per a la resoluci\u00f3 de tots els conflictes derivats o relacionats amb el seu \u00fas als Jutjats i Tribunals del domicili del prestador (si no \u00e9s considerat com a consumidor a l&#8217;efecte del TRLGDCU) o de l&#8217;usuari (si \u00e9s considerat com a consumidor a l&#8217;efecte del TRLGDCU).<\/p>\t\t\t\t\t\t<\/div>\n\t\t\t\t<\/div>\n\t\t\t\t\t<\/div>\n\t\t\t\t<\/div>\n\t\t\t\t<\/div>\n\t\t","protected":false},"excerpt":{"rendered":"<p>POL\u00cdTICA DE PRIVACITAT INTRODUCCI\u00d3 La seva privacitat \u00e9s important per a nosaltres, aix\u00ed que, mitjan\u00e7ant aquest document, li expliquem quines dades recollim dels usuaris, com els utilitzem i per a qu\u00e8, entre altres indicacions. Per a la seva informaci\u00f3, mai demanarem m\u00e9s informaci\u00f3 de la que realment necessitarem per als serveis requerits; mai la compartirem [&hellip;]<\/p>\n","protected":false},"author":2,"featured_media":0,"parent":0,"menu_order":0,"comment_status":"closed","ping_status":"closed","template":"","meta":{"footnotes":""},"_links":{"self":[{"href":"https:\/\/desarrollo.estherbarniol.com\/sorina\/wp-json\/wp\/v2\/pages\/8901"}],"collection":[{"href":"https:\/\/desarrollo.estherbarniol.com\/sorina\/wp-json\/wp\/v2\/pages"}],"about":[{"href":"https:\/\/desarrollo.estherbarniol.com\/sorina\/wp-json\/wp\/v2\/types\/page"}],"author":[{"embeddable":true,"href":"https:\/\/desarrollo.estherbarniol.com\/sorina\/wp-json\/wp\/v2\/users\/2"}],"replies":[{"embeddable":true,"href":"https:\/\/desarrollo.estherbarniol.com\/sorina\/wp-json\/wp\/v2\/comments?post=8901"}],"version-history":[{"count":16,"href":"https:\/\/desarrollo.estherbarniol.com\/sorina\/wp-json\/wp\/v2\/pages\/8901\/revisions"}],"predecessor-version":[{"id":9314,"href":"https:\/\/desarrollo.estherbarniol.com\/sorina\/wp-json\/wp\/v2\/pages\/8901\/revisions\/9314"}],"wp:attachment":[{"href":"https:\/\/desarrollo.estherbarniol.com\/sorina\/wp-json\/wp\/v2\/media?parent=8901"}],"curies":[{"name":"wp","href":"https:\/\/api.w.org\/{rel}","templated":true}]}}