{"id":8431,"date":"2024-09-09T17:47:37","date_gmt":"2024-09-09T17:47:37","guid":{"rendered":"https:\/\/desarrollo.estherbarniol.com\/sorina\/?post_type=product&#038;p=8431"},"modified":"2024-09-10T18:57:24","modified_gmt":"2024-09-10T18:57:24","slug":"lamina-freddie-mercury","status":"publish","type":"product","link":"https:\/\/desarrollo.estherbarniol.com\/sorina\/product\/lamina-freddie-mercury\/","title":{"rendered":"L\u00e1mina Freddie Mercury"},"content":{"rendered":"<div class=\"woocommerce-product-details__short-description\">\n<p>Freddie Mercury \u00e9s una de les llegendes del rock mundial dels nostres temps. Icona de tota una generaci\u00f3, ens omple d\u2019energia i empoderament nom\u00e9s escoltant-lo. La seva m\u00fasica i les seves can\u00e7ons amb Queen s\u00f3n tot un s\u00edmbol. Aquest \u00e9s el meu humil i sincer homenatge.<\/p>\n<p>Amb aquesta l\u00e0mina vull fer-te arribar tota la seva energia per empoderar-te. Can\u00e7ons com Friends will be friends, We are the champions, The show must go on, The miracle o Bohemian Raphsody s\u00f3n nom\u00e9s alguns dels seus \u00e8xits, per\u00f2 en t\u00e9 molts m\u00e9s i amb aquesta l\u00e0mina pots rememorar-los.<\/p>\n<p>La l\u00e0mina Freddie Mercury quedar\u00e0 preciosa a qualsevol rac\u00f3 de casa teva: A la sala d\u2019estar, a la cuina, al bany, al teu estudi, a la teva habitaci\u00f3, com a cap\u00e7al\u2026<\/p>\n<p>Disponible en tres mides:<\/p>\n<p>A3 (29,7x42cm)<\/p>\n<p>A4 (21\u00d729,7cm)<\/p>\n<p>A5 (14,85x21cm) .<\/p>\n<p>Impr\u00e8s en paper ecol\u00f2gic estucat mat de 300gr, a una cara i signat per davant, dins del mateix dibuix.<\/p>\n<p>No inclou el marc.<\/p>\n<p>(Llegeix atentament les Condicions de venda).<\/p>\n<\/div>\n","protected":false},"excerpt":{"rendered":"<div class=\"woocommerce-product-details__short-description\">\n<p>Freddie Mercury \u00e9s una de les llegendes del rock mundial dels nostres temps. Icona de tota una generaci\u00f3, ens omple d\u2019energia i empoderament nom\u00e9s escoltant-lo. La seva m\u00fasica i les seves can\u00e7ons amb Queen s\u00f3n tot un s\u00edmbol. Amb aquesta l\u00e0mina vull rendir-li homenatge i fer-te arribar tota la seva energia per empoderar-te i fer-te sentir que pots amb tot, perqu\u00e8 \u00e9s aix\u00ed. The show must go on.<\/p>\n<p>Pots escollir la mida que vulguis A3 (29,7x42cm), A4 (21\u00d729,7cm) i A5 (14,85x21cm).<\/p>\n<p><b>Mida:<\/b><\/p>\n<p>A3 (29,7x42cm)<\/p>\n<p>A4 (21\u00d729,7cm)<\/p>\n<p>A5 (14,85x21cm)<\/p>\n<\/div>\n","protected":false},"featured_media":8436,"comment_status":"open","ping_status":"closed","template":"","meta":[],"product_cat":[62,51],"product_tag":[],"_links":{"self":[{"href":"https:\/\/desarrollo.estherbarniol.com\/sorina\/wp-json\/wp\/v2\/product\/8431"}],"collection":[{"href":"https:\/\/desarrollo.estherbarniol.com\/sorina\/wp-json\/wp\/v2\/product"}],"about":[{"href":"https:\/\/desarrollo.estherbarniol.com\/sorina\/wp-json\/wp\/v2\/types\/product"}],"replies":[{"embeddable":true,"href":"https:\/\/desarrollo.estherbarniol.com\/sorina\/wp-json\/wp\/v2\/comments?post=8431"}],"wp:featuredmedia":[{"embeddable":true,"href":"https:\/\/desarrollo.estherbarniol.com\/sorina\/wp-json\/wp\/v2\/media\/8436"}],"wp:attachment":[{"href":"https:\/\/desarrollo.estherbarniol.com\/sorina\/wp-json\/wp\/v2\/media?parent=8431"}],"wp:term":[{"taxonomy":"product_cat","embeddable":true,"href":"https:\/\/desarrollo.estherbarniol.com\/sorina\/wp-json\/wp\/v2\/product_cat?post=8431"},{"taxonomy":"product_tag","embeddable":true,"href":"https:\/\/desarrollo.estherbarniol.com\/sorina\/wp-json\/wp\/v2\/product_tag?post=8431"}],"curies":[{"name":"wp","href":"https:\/\/api.w.org\/{rel}","templated":true}]}}