{"id":8442,"date":"2024-09-10T19:10:49","date_gmt":"2024-09-10T19:10:49","guid":{"rendered":"https:\/\/desarrollo.estherbarniol.com\/sorina\/?post_type=product&#038;p=8442"},"modified":"2024-10-01T21:47:19","modified_gmt":"2024-10-01T21:47:19","slug":"samarreta-xs-lliure-com-un-ocell","status":"publish","type":"product","link":"https:\/\/desarrollo.estherbarniol.com\/sorina\/product\/samarreta-xs-lliure-com-un-ocell\/","title":{"rendered":"Samarreta XS \u201cLliure com un ocell\u201d"},"content":{"rendered":"<p>El teu car\u00e0cter i el teu bon rotllo sumats a la teva personalitat alegre, d\u2019\u00e0nima lliure i cor obert.<\/p>\n<p>&nbsp;<\/p>\n<p>No t\u2019agrada que et diguin qu\u00e8 i com has de comportar-te, per aix\u00f2 vols ser simplement tu. Diferenciar-te i no anar a remolc. Vesteix c\u00f2modament. Sent-te lliure! Lliure i amb \u00e0nima, per tenir-ho sempre present a prop del cor.<\/p>\n<p>&nbsp;<\/p>\n<p>Com \u00e9s la teva samarreta blava de coll obert Lliure com un ocell?<\/p>\n<p>&nbsp;<\/p>\n<p>&#8211; De tacte suau i agradable.<\/p>\n<p>&#8211; Cot\u00f3 100% org\u00e0nic amb certificat GOTS.<\/p>\n<p>&#8211; Model de dona, entallada i de coll rod\u00f3 i obert.<\/p>\n<p>&#8211; Color a escollir entre blau aigua i burgundy.<\/p>\n<p>&#8211; Disponible nom\u00e9s en talla XS<\/p>\n<p><img fetchpriority=\"high\" decoding=\"async\" class=\"alignnone size-medium wp-image-8454\" src=\"https:\/\/desarrollo.estherbarniol.com\/sorina\/wp-content\/uploads\/2024\/09\/talla-camiseta-imma-mestre-300x300.jpeg\" alt=\"\" width=\"300\" height=\"300\" srcset=\"https:\/\/desarrollo.estherbarniol.com\/sorina\/wp-content\/uploads\/2024\/09\/talla-camiseta-imma-mestre-300x300.jpeg 300w, https:\/\/desarrollo.estherbarniol.com\/sorina\/wp-content\/uploads\/2024\/09\/talla-camiseta-imma-mestre-100x100.jpeg 100w, https:\/\/desarrollo.estherbarniol.com\/sorina\/wp-content\/uploads\/2024\/09\/talla-camiseta-imma-mestre-600x600.jpeg 600w, https:\/\/desarrollo.estherbarniol.com\/sorina\/wp-content\/uploads\/2024\/09\/talla-camiseta-imma-mestre-150x150.jpeg 150w, https:\/\/desarrollo.estherbarniol.com\/sorina\/wp-content\/uploads\/2024\/09\/talla-camiseta-imma-mestre.jpeg 620w\" sizes=\"(max-width: 300px) 100vw, 300px\" \/><br \/>\n<img decoding=\"async\" class=\"alignnone size-medium wp-image-8453\" src=\"https:\/\/desarrollo.estherbarniol.com\/sorina\/wp-content\/uploads\/2024\/09\/lavado-imma-mestre-240x300.jpeg\" alt=\"\" width=\"240\" height=\"300\" srcset=\"https:\/\/desarrollo.estherbarniol.com\/sorina\/wp-content\/uploads\/2024\/09\/lavado-imma-mestre-240x300.jpeg 240w, https:\/\/desarrollo.estherbarniol.com\/sorina\/wp-content\/uploads\/2024\/09\/lavado-imma-mestre-600x750.jpeg 600w, https:\/\/desarrollo.estherbarniol.com\/sorina\/wp-content\/uploads\/2024\/09\/lavado-imma-mestre.jpeg 620w\" sizes=\"(max-width: 240px) 100vw, 240px\" \/><\/p>\n","protected":false},"excerpt":{"rendered":"<p>La teva samarreta per sentir-te lliure com un ocell. Portable tant di\u00e0riament com per aportar originalitat a qualsevol quedada amb amics i companys (urbanites o de poble). Sense pretensions, original, c\u00f2moda, creativa i alegre. Al m\u00e0xim de bon rotllo!<\/p>\n<p>&nbsp;<\/p>\n<p>Color a escollir entre blau aigua i burgundy. Coll rod\u00f3 obert. Disponible en talla XS.<\/p>\n<p>Il\u00b7lustrada per mi amb amor i il\u00b7lusi\u00f3 i estampada a Barcelona.<\/p>\n<p>100% cot\u00f3 org\u00e0nic amb certificat GOTS<\/p>\n<p>&nbsp;<\/p>\n<p><b>Opcions a escollir (Varietats):<\/b><\/p>\n<p>&#8211; Blau aigua<\/p>\n<p>&#8211; Burgundy<\/p>\n","protected":false},"featured_media":8448,"comment_status":"open","ping_status":"closed","template":"","meta":[],"product_cat":[62],"product_tag":[],"_links":{"self":[{"href":"https:\/\/desarrollo.estherbarniol.com\/sorina\/wp-json\/wp\/v2\/product\/8442"}],"collection":[{"href":"https:\/\/desarrollo.estherbarniol.com\/sorina\/wp-json\/wp\/v2\/product"}],"about":[{"href":"https:\/\/desarrollo.estherbarniol.com\/sorina\/wp-json\/wp\/v2\/types\/product"}],"replies":[{"embeddable":true,"href":"https:\/\/desarrollo.estherbarniol.com\/sorina\/wp-json\/wp\/v2\/comments?post=8442"}],"wp:featuredmedia":[{"embeddable":true,"href":"https:\/\/desarrollo.estherbarniol.com\/sorina\/wp-json\/wp\/v2\/media\/8448"}],"wp:attachment":[{"href":"https:\/\/desarrollo.estherbarniol.com\/sorina\/wp-json\/wp\/v2\/media?parent=8442"}],"wp:term":[{"taxonomy":"product_cat","embeddable":true,"href":"https:\/\/desarrollo.estherbarniol.com\/sorina\/wp-json\/wp\/v2\/product_cat?post=8442"},{"taxonomy":"product_tag","embeddable":true,"href":"https:\/\/desarrollo.estherbarniol.com\/sorina\/wp-json\/wp\/v2\/product_tag?post=8442"}],"curies":[{"name":"wp","href":"https:\/\/api.w.org\/{rel}","templated":true}]}}