{"id":8464,"date":"2024-09-11T16:51:56","date_gmt":"2024-09-11T16:51:56","guid":{"rendered":"https:\/\/desarrollo.estherbarniol.com\/sorina\/?post_type=product&#038;p=8464"},"modified":"2024-09-11T16:54:13","modified_gmt":"2024-09-11T16:54:13","slug":"agenda-permanent","status":"publish","type":"product","link":"https:\/\/desarrollo.estherbarniol.com\/sorina\/product\/agenda-permanent\/","title":{"rendered":"Agenda permanent"},"content":{"rendered":"<p>Agenda permanent mini, amb disseny il\u00b7lustrat atractiu, alegre i atraient, amb il\u00b7lustracions interiors a cada inici d\u2019apartat, perqu\u00e8 planificar el teu dia a dia deixi de ser un avorriment i es converteixi en un moment agradable, inspiracional i que et vingui de gust.<\/p>\n<p>&nbsp;<\/p>\n<p><b>Caracter\u00edstiques<\/b><\/p>\n<p>\u2013 Mida de butxaca, ideal per portar-la a la motxilla, la bossa, la bandolera o a la m\u00e0, sense que pesi.<\/p>\n<p>\u2013 Mida A6 (10x15cm)<\/p>\n<p>\u2013 156 p\u00e0gines de 120 gr<\/p>\n<p>\u2013 Tapa tova amb il\u00b7lustraci\u00f3 feta per a aquesta agenda, per inspirar-te i que et doni focus en tot el que et proposis.<\/p>\n<p>\u2013 Llom encolat<\/p>\n<p>\u2013 Il\u00b7lustracions interiors a cada inici d\u2019apartat<\/p>\n<p>\u2013 Interiors amb l\u2019estructura a planificar dissenyada, per\u00f2 sense dies, ni n\u00fameros, ni mesos marcats. Escriu-los i dibuixa\u2019ls de la manera que m\u00e9s t\u2019agradi, perqu\u00e8 aquesta agenda sigui el m\u00e9s personal possible i la facis teva nom\u00e9s comen\u00e7ar.<\/p>\n<p>\u2013 Diferents planificadors en la mateixa agenda:<\/p>\n<p>Setmanal: Cada doble p\u00e0gina \u00e9s una setmana. Dissabtes i diumenges tenen el mateix espai que els dies entre setmana perqu\u00e8 et c\u00e0piguen b\u00e9 tots els teus plans divertits. T\u00e9 l\u2019espai suficient per apuntar el que hagis de fer aquell dia sense sobreocupar-te; apuntar el mes vigent i els teus objectius setmanals.<\/p>\n<p>Mensual: 12 mesos a doble p\u00e0gina per citar les teves tasques i objectius del mes.<\/p>\n<p><i>Anual: <\/i>1 p\u00e0gina per assenyalar dates importants dins de l\u2019any i recon\u00e8ixer-los d\u2019un sol. cop d\u2019ull.<\/p>\n<p><i>Horaris:<\/i> 4 espais a doble p\u00e0gina, perqu\u00e8 et puguis organitzar els horaris de cada trimestre<\/p>\n<p>Organitzador: Una vista anual de doble p\u00e0gina per a marques amb colors les teves vacances, reunions, lliuraments i tot el que necessitis planificar perqu\u00e8 puguis visualitzar-ho r\u00e0pid i d\u2019una sola ullada.<\/p>\n<p>Fulles per organitzar les teves prioritats segons si s\u00f3n m\u00e9s o menys urgents o m\u00e9s o menys importants<\/p>\n<p>Fulles blanques de punts per a notes, idees, llistes, compres\u2026 el que et vingui de gust<\/p>\n<p>&nbsp;<\/p>\n<p><b>L\u2019agenda permanent \u00e9s per a tu si:<\/b><\/p>\n<p>\u2013 Necessites portar una mica d\u2019organitzaci\u00f3 a la teva vida per evitar tenir sempre tasques pendents<\/p>\n<p>\u2013 Vols aconseguir els teus objectius a poc a poc i amb focus<\/p>\n<p>\u2013 Vols controlar les teves tasques sense sentir-te desbordada\/o<\/p>\n<p>\u2013 Necessites pau mental i plasmar tot all\u00f2 que has de fer sobre paper per desocupar el teu cap. Un cop ho escrius, hi \u00e9s, no s\u2019esborra ni s\u2019oblida.<\/p>\n<p>\u2013 Necessites apuntar les teves activitats de forma directa, clara i concisa per no deixar-te res al tinter.<\/p>\n<p>\u2013 Si vols tenir un producte original i divertit on puguis intervenir tunejant-lo a la teva manera perqu\u00e8 es converteixi en una agenda molt personal i exclusivament teva.<\/p>\n<p>\u2013 Busques una agenda bonica i inspiradora per apuntar all\u00f2 que no vulguis oblidar en un lloc amigable, amb bon rotllo i que et vingui de gust mirar cada dia.<\/p>\n<p>\u2013 T\u2019agrada la tecnologia i planificar-te a Google calendar o altres aplicacions digitals, per\u00f2 necessites tocar el paper perqu\u00e8 fa bona olor, \u00e9s m\u00e9s agradable i aix\u00ed te\u2019n recordes millor del que has de fer avui.<\/p>\n<p>&nbsp;<\/p>\n<p><b>L\u2019agenda permanent no \u00e9s per a tu si:<\/b><\/p>\n<p>\u2013 Busques una llibreta on apuntar, enganxar i deixar const\u00e0ncia de tot all\u00f2 que fas durant el dia sense excepci\u00f3 i amb tot detall<\/p>\n<p>\u2013 Penses que el dia t\u00e9 m\u00e9s de 24h i necessites sobreocupar-te per sentir l\u2019\u00e8xit<\/p>\n<p>\u2013 Busques un espai gran on donar curs a la teva creativitat<\/p>\n<p>&nbsp;<\/p>\n<p><b>Informaci\u00f3 addicional<\/b><\/p>\n<p>Pes: 0,138 kg<\/p>\n<p>Dimensions: 10,5 \u00d7 1,2 \u00d7 15 cm<\/p>\n<p>&nbsp;<\/p>\n","protected":false},"excerpt":{"rendered":"<p>Aquesta \u00e9s una agenda \u2013 planificador genial!<\/p>\n<p>&nbsp;<\/p>\n<p>La comences quan vulguis. Sense dates, ni mesos, ni dies, ni setmanes, ni anys. Al setembre, al gener o al mig de l\u2019any. Tu decideixes quan \u00e9s el teu millor moment.<\/p>\n<p>&nbsp;<\/p>\n<p>T\u00e9 un disseny il\u00b7lustrat atractiu, alegre i atraient, amb il\u00b7lustracions interiors a cada inici d\u2019apartat, perqu\u00e8 planificar el teu dia a dia deixi de ser un avorriment i es converteixi en un moment agradable, inspiracional i que et vingui de gust.<\/p>\n<p>&nbsp;<\/p>\n<p>De format mini. Ideal per organitzar les tasques di\u00e0ries sense sobre ocupar-te. El que no us c\u00e0piga a l\u2019espai destinat, \u00e9s que no toca fer aquell dia. Aix\u00ed \u00e9s la meva f\u00f3rmula per evitar tasques pendents sense frustrar-me per no aconseguir el que em proposo.<\/p>\n<p>&nbsp;<\/p>\n<p>Amb aquesta agenda mini, porta els teus plans i tasques al dia sense estressar-te ni tenir aquesta insofrible sensaci\u00f3 que no et d\u00f3na la vida, perqu\u00e8 en realitat, la vida s\u00ed que et d\u00f3na, nom\u00e9s necessites donar-li a cada cosa, el seu espai.<\/p>\n","protected":false},"featured_media":8465,"comment_status":"open","ping_status":"closed","template":"","meta":[],"product_cat":[62],"product_tag":[],"_links":{"self":[{"href":"https:\/\/desarrollo.estherbarniol.com\/sorina\/wp-json\/wp\/v2\/product\/8464"}],"collection":[{"href":"https:\/\/desarrollo.estherbarniol.com\/sorina\/wp-json\/wp\/v2\/product"}],"about":[{"href":"https:\/\/desarrollo.estherbarniol.com\/sorina\/wp-json\/wp\/v2\/types\/product"}],"replies":[{"embeddable":true,"href":"https:\/\/desarrollo.estherbarniol.com\/sorina\/wp-json\/wp\/v2\/comments?post=8464"}],"wp:featuredmedia":[{"embeddable":true,"href":"https:\/\/desarrollo.estherbarniol.com\/sorina\/wp-json\/wp\/v2\/media\/8465"}],"wp:attachment":[{"href":"https:\/\/desarrollo.estherbarniol.com\/sorina\/wp-json\/wp\/v2\/media?parent=8464"}],"wp:term":[{"taxonomy":"product_cat","embeddable":true,"href":"https:\/\/desarrollo.estherbarniol.com\/sorina\/wp-json\/wp\/v2\/product_cat?post=8464"},{"taxonomy":"product_tag","embeddable":true,"href":"https:\/\/desarrollo.estherbarniol.com\/sorina\/wp-json\/wp\/v2\/product_tag?post=8464"}],"curies":[{"name":"wp","href":"https:\/\/api.w.org\/{rel}","templated":true}]}}