{"id":8479,"date":"2024-09-11T17:04:31","date_gmt":"2024-09-11T17:04:31","guid":{"rendered":"https:\/\/desarrollo.estherbarniol.com\/sorina\/?post_type=product&#038;p=8479"},"modified":"2024-10-01T21:45:28","modified_gmt":"2024-10-01T21:45:28","slug":"receptari","status":"publish","type":"product","link":"https:\/\/desarrollo.estherbarniol.com\/sorina\/product\/receptari\/","title":{"rendered":"Receptari"},"content":{"rendered":"<p>Llibreta perqu\u00e8 puguis apuntar totes les teves receptes sense que se&#8217;t passi cap detall<\/p>\n<p>&nbsp;<\/p>\n<p><b>Caracter\u00edstiques<\/b><\/p>\n<p>&#8211; Llibreta de tapa dura perqu\u00e8 sigui resistent i pr\u00e0ctica<\/p>\n<p>&#8211; Amb acabat en vern\u00eds mat, perqu\u00e8, a part de ser bonica i de tacte suau, si se t&#8217;embruta a la cuina, puguis netejar-la amb un drap humit sense que se t&#8217;espatlli.<\/p>\n<p>&#8211; Grand\u00e0ria A5 (14,85x21cm)<\/p>\n<p>&#8211; Enquadernat en espiral blanc per la part superior perqu\u00e8 no molesti en escriure les receptes<\/p>\n<p>&#8211; Espai per a 50 receptes<\/p>\n<p>&#8211; Fulles encunyades perqu\u00e8 puguis arrencar i guardar (o penjar) cada recepta segons les teves prioritats i necessitats<\/p>\n<p>&#8211; Cada full t\u00e9 espai per apuntar tot all\u00f2 necessari de la recepta:<\/p>\n<p>Nom de la recepta<br \/>\nPer quantes persones \u00e9s<br \/>\nCategoria\/etiqueta (si \u00e9s un primer plat o un segon, si \u00e9s plat de verdures, de carn, si cont\u00e9 gluten, ous, lactosa, si s\u00f3n unes postres\u2026)<br \/>\nEl temps necessari (total, de preparaci\u00f3 i de cocci\u00f3)<br \/>\nEls utensilis que necessitar\u00e0s<br \/>\nQuins ingredients necessites i les proporcions<br \/>\nCom preparar la recepta<br \/>\nApartat de notes per recordar quin truquillo hi afegeixes o quina variaci\u00f3 de la recepta original has aplicat, perqu\u00e8 et quedi un plat de triomf.<br \/>\nEspai per enganxar una foto del plat (o dibuixar-ho).<\/p>\n<p>&nbsp;<\/p>\n<p><b>Extres<\/b><\/p>\n<p>&#8211; Inclou una guia il\u00b7lustrada perqu\u00e8 s\u00e0pigues qu\u00e8 pots apuntar a cada apartat sense que se&#8217;t passi res per alt.<\/p>\n<p>&#8211; Inclou un \u00edndex perqu\u00e8 trobis f\u00e0cilment cadascuna de les receptes<\/p>\n<p>&#8211; Inclou descarregables perqu\u00e8 puguis adaptar la llibreta a les teves necessitats. Descarrega&#8217;ls i imprimeix-los a casa o en una copisteria, en cartolina de 300gr o superior:<\/p>\n<p>Caixa per desar les teves receptes<br \/>\nSeparadors per classificar les teves receptes de la manera que et vagi millor<br \/>\nSuport perqu\u00e8 puguis aguantar la teva llibreta oberta i consultar la recepta mentre cuines<\/p>\n<p>&nbsp;<\/p>\n<p><b>Informaci\u00f3 addicional<\/b><\/p>\n<p>Pes: 0,520 kg<\/p>\n<p>Dimensions: 15 \u00d7 2 \u00d7 21 cm<\/p>\n","protected":false},"excerpt":{"rendered":"<p>Receptari per apuntar totes les teves receptes i fer que els teus plats siguin sempre deliciosos sense que se t&#8217;oblidi o escapi res. Deixa apuntats cadascun dels aspectes que necessites per guanyar tranquil\u00b7litat i confian\u00e7a amb les teves habilitats culin\u00e0ries. Converteix el teu dia a dia a taula o les quedades amb amics i familiars, esdeveniments o festes, en un \u00e8xit per al paladar i els sentits.<\/p>\n<p>&nbsp;<\/p>\n<p>Inclou descarregables per poder guardar el receptari, recolzar-lo i poder seguir la recepta mentre cuines i classificar les receptes com millor et vagi.<\/p>\n","protected":false},"featured_media":8480,"comment_status":"open","ping_status":"closed","template":"","meta":[],"product_cat":[62],"product_tag":[],"_links":{"self":[{"href":"https:\/\/desarrollo.estherbarniol.com\/sorina\/wp-json\/wp\/v2\/product\/8479"}],"collection":[{"href":"https:\/\/desarrollo.estherbarniol.com\/sorina\/wp-json\/wp\/v2\/product"}],"about":[{"href":"https:\/\/desarrollo.estherbarniol.com\/sorina\/wp-json\/wp\/v2\/types\/product"}],"replies":[{"embeddable":true,"href":"https:\/\/desarrollo.estherbarniol.com\/sorina\/wp-json\/wp\/v2\/comments?post=8479"}],"wp:featuredmedia":[{"embeddable":true,"href":"https:\/\/desarrollo.estherbarniol.com\/sorina\/wp-json\/wp\/v2\/media\/8480"}],"wp:attachment":[{"href":"https:\/\/desarrollo.estherbarniol.com\/sorina\/wp-json\/wp\/v2\/media?parent=8479"}],"wp:term":[{"taxonomy":"product_cat","embeddable":true,"href":"https:\/\/desarrollo.estherbarniol.com\/sorina\/wp-json\/wp\/v2\/product_cat?post=8479"},{"taxonomy":"product_tag","embeddable":true,"href":"https:\/\/desarrollo.estherbarniol.com\/sorina\/wp-json\/wp\/v2\/product_tag?post=8479"}],"curies":[{"name":"wp","href":"https:\/\/api.w.org\/{rel}","templated":true}]}}