{"id":8491,"date":"2024-09-11T17:40:03","date_gmt":"2024-09-11T17:40:03","guid":{"rendered":"https:\/\/desarrollo.estherbarniol.com\/sorina\/?post_type=product&#038;p=8491"},"modified":"2024-10-01T21:43:09","modified_gmt":"2024-10-01T21:43:09","slug":"planificador-de-tasques-taronja","status":"publish","type":"product","link":"https:\/\/desarrollo.estherbarniol.com\/sorina\/product\/planificador-de-tasques-taronja\/","title":{"rendered":"Planificador de tasques Taronja"},"content":{"rendered":"<p>El planificador de tasques di\u00e0ries \u00e9s ideal per organitzar el que has de fer cada dia i tenir-lo sempre visible al teu escriptori o estudi.<\/p>\n<p>&nbsp;<\/p>\n<p><b>Caracter\u00edstiques del planificador de tasques diari<\/b><\/p>\n<p>&#8211; Bloc de notes diari DIN A6 (10,5x15cm) en vertical.<\/p>\n<p>&#8211; 100 fulls de 80gr impreses a una cara.<\/p>\n<p>&#8211; Espai per apuntar totes les tasques del dia a dia<\/p>\n<p>&#8211; P\u00e0gines amb il\u00b7lustracions i espais en blanc perqu\u00e8 pugueu escriure la data i organitzar cada tasca.<\/p>\n<p>&#8211; Pots seguir escrivint m\u00e9s notes i esbossos a la cara que no est\u00e0 impresa<\/p>\n<p>&#8211; Bloc encolat perqu\u00e8 puguis arrencar les p\u00e0gines de forma f\u00e0cil i sense fer malb\u00e9 la resta.<\/p>\n<p>&#8211; Cartr\u00f3 de protecci\u00f3 a la part del darrere perqu\u00e8 escriguis sempre c\u00f2modament.<\/p>\n<p>&nbsp;<\/p>\n<p><b>Beneficis del planificador diari<\/b><\/p>\n<p>&#8211; Aprendr\u00e0s a organitzar-te millor<\/p>\n<p>&#8211; Tindr\u00e0s les teves tasques organitzades i apuntades<\/p>\n<p>&#8211; Aconseguir\u00e0s estabilitat i seguretat perqu\u00e8 sabr\u00e0s qu\u00e8 fer a cada moment sense que t&#8217;ocupi espai al teu cap.<\/p>\n<p>&#8211; Tindr\u00e0s el dia planificat i et permetr\u00e0 reorganitzar-te sense entrar en nerviosismes i ansietats si tens algun imprevist.<\/p>\n<p>&#8211; Aconseguir\u00e0s eliminar tasques pendents.<\/p>\n<p>&#8211; Avan\u00e7ar\u00e0s en els teus objectius.<\/p>\n<p>&#8211; T&#8217;envair\u00e0 una sensaci\u00f3 de satisfacci\u00f3, benestar i felicitat (poc comparable a res m\u00e9s), quan vegis tot el que has aconseguit aquesta setmana.<\/p>\n<p>&#8211; Et motivar\u00e0s encara m\u00e9s.<\/p>\n<p>&#8211; I tatxar! T&#8217;enganxar\u00e0s el gran gust d&#8217;experimentar aquesta plaent sensaci\u00f3 d\u2019anar ratllant cada tasca, cita, reuni\u00f3, o activitat que hagis programat i fet. Saps com de b\u00e9 et fa sentir aix\u00f2? S\u00ed, ho saps.<\/p>\n<p>&nbsp;<\/p>\n<p><b>Informaci\u00f3 addicional<\/b><\/p>\n<p>Dimensions: 10,5\u00d70,5\u00d715 cm<\/p>\n","protected":false},"excerpt":{"rendered":"<p>Tens al cap, mogoll\u00f3n de plans i tasques per fer durant el dia d&#8217;avui i no hi ha manera de posar ordre oi? Necessites visualitzar tot all\u00f2 que has de fer avui per no deixar res al tinter i avan\u00e7ar en els teus objectius.<\/p>\n<p>&nbsp;<\/p>\n<p>Aquest bloc de notes di\u00e0ries us ajudar\u00e0 a tirar endavant les tasques del dia a dia sense deixar res pendent.<\/p>\n","protected":false},"featured_media":8494,"comment_status":"open","ping_status":"closed","template":"","meta":[],"product_cat":[62],"product_tag":[],"_links":{"self":[{"href":"https:\/\/desarrollo.estherbarniol.com\/sorina\/wp-json\/wp\/v2\/product\/8491"}],"collection":[{"href":"https:\/\/desarrollo.estherbarniol.com\/sorina\/wp-json\/wp\/v2\/product"}],"about":[{"href":"https:\/\/desarrollo.estherbarniol.com\/sorina\/wp-json\/wp\/v2\/types\/product"}],"replies":[{"embeddable":true,"href":"https:\/\/desarrollo.estherbarniol.com\/sorina\/wp-json\/wp\/v2\/comments?post=8491"}],"wp:featuredmedia":[{"embeddable":true,"href":"https:\/\/desarrollo.estherbarniol.com\/sorina\/wp-json\/wp\/v2\/media\/8494"}],"wp:attachment":[{"href":"https:\/\/desarrollo.estherbarniol.com\/sorina\/wp-json\/wp\/v2\/media?parent=8491"}],"wp:term":[{"taxonomy":"product_cat","embeddable":true,"href":"https:\/\/desarrollo.estherbarniol.com\/sorina\/wp-json\/wp\/v2\/product_cat?post=8491"},{"taxonomy":"product_tag","embeddable":true,"href":"https:\/\/desarrollo.estherbarniol.com\/sorina\/wp-json\/wp\/v2\/product_tag?post=8491"}],"curies":[{"name":"wp","href":"https:\/\/api.w.org\/{rel}","templated":true}]}}