{"id":8506,"date":"2024-09-11T17:54:16","date_gmt":"2024-09-11T17:54:16","guid":{"rendered":"https:\/\/desarrollo.estherbarniol.com\/sorina\/?post_type=product&#038;p=8506"},"modified":"2024-10-01T21:40:45","modified_gmt":"2024-10-01T21:40:45","slug":"planificador-diari","status":"publish","type":"product","link":"https:\/\/desarrollo.estherbarniol.com\/sorina\/product\/planificador-diari\/","title":{"rendered":"Planificador diari"},"content":{"rendered":"<p>Planificador diari ideal per tenir les tasques del dia a dia sempre visibles al teu escriptori o estudi<\/p>\n<p>&nbsp;<\/p>\n<p><b>Caracter\u00edstiques del planificador diari<\/b><\/p>\n<p>&#8211; Planificador diari DIN A4 (29,7x21cm) en horitzontal.<\/p>\n<p>&#8211; 100 fulls de 80gr impreses a una cara.<\/p>\n<p>&#8211; Apartat per apuntar els tres objectius principals per a aquest dia<\/p>\n<p>&#8211; Espai gran per apuntar totes les tasques del dia a dia<\/p>\n<p>&#8211; Espai per anotar tres aspectes o frases del dia que et motivin, t&#8217;apoderin i\/o vulguis tenir presents.<\/p>\n<p>&#8211; P\u00e0gines amb il\u00b7lustracions i espais en blanc perqu\u00e8 puguis escriure la data i els dies de la setmana com m\u00e9s t&#8217;agradi i en l&#8217;idioma que vulguis, juntament amb les cites, reunions i\/o activitats programades.<\/p>\n<p>&#8211; Pots seguir escrivint m\u00e9s notes i esbossos a la cara que no est\u00e0 impresa<\/p>\n<p>&#8211; Bloc encolat perqu\u00e8 puguis arrencar les p\u00e0gines de forma f\u00e0cil i sense fer malb\u00e9 la resta.<\/p>\n<p>&#8211; Cartr\u00f3 de protecci\u00f3 a la part del darrere perqu\u00e8 escriguis sempre c\u00f2modament.<\/p>\n<p>&nbsp;<\/p>\n<p><b>Beneficis del planificador diari<\/b><\/p>\n<p>&#8211; Aprendr\u00e0s a organitzar-te millor<\/p>\n<p>&#8211; Tindr\u00e0s les teves tasques organitzades i apuntades<\/p>\n<p>&#8211; Aconseguir\u00e0s estabilitat i seguretat perqu\u00e8 sabr\u00e0s qu\u00e8 fer a cada moment sense que t&#8217;ocupi espai al teu cap.<\/p>\n<p>&#8211; Tindr\u00e0s el dia planificat i et permetr\u00e0 reorganitzar-te sense entrar en nerviosismes i ansietats si tens algun imprevist.<\/p>\n<p>&#8211; Aconseguir\u00e0s eliminar tasques pendents.<\/p>\n<p>&#8211; Avan\u00e7ar\u00e0s en els teus objectius.<\/p>\n<p>&#8211; T&#8217;envair\u00e0 una sensaci\u00f3 de satisfacci\u00f3, benestar i felicitat (poc comparable a res m\u00e9s), quan vegis tot el que has aconseguit aquesta setmana.<\/p>\n<p>&#8211; Et motivar\u00e0s encara m\u00e9s.<\/p>\n<p>&#8211; I tatxar! T&#8217;enganxar\u00e0s el gran gust d&#8217;experimentar aquesta plaent sensaci\u00f3 d\u2019anar ratllant cada tasca, cita, reuni\u00f3, o activitat que hagis programat i fet. Saps com de b\u00e9 et fa sentir aix\u00f2? S\u00ed, ho saps.<\/p>\n<p>&nbsp;<\/p>\n<p><b>Informaci\u00f3 addicional<\/b><\/p>\n<p>Dimensions: 29,7 \u00d7 0,5 \u00d7 21 cm<\/p>\n","protected":false},"excerpt":{"rendered":"<p>Necessites planificar les teves tasques per escrit per tenir-les presents? Necessites apuntar-t&#8217;ho tot perqu\u00e8 sin\u00f3 no te&#8217;n recordes? Tens una agenda que portes sempre a sobre, per\u00f2 despr\u00e9s no te&#8217;n recordes de mirar-la?<\/p>\n<p>El planificador diari us ajudar\u00e0 a tirar endavant les tasques del dia a dia sense deixar res pendent.<\/p>\n","protected":false},"featured_media":8507,"comment_status":"open","ping_status":"closed","template":"","meta":[],"product_cat":[62],"product_tag":[],"_links":{"self":[{"href":"https:\/\/desarrollo.estherbarniol.com\/sorina\/wp-json\/wp\/v2\/product\/8506"}],"collection":[{"href":"https:\/\/desarrollo.estherbarniol.com\/sorina\/wp-json\/wp\/v2\/product"}],"about":[{"href":"https:\/\/desarrollo.estherbarniol.com\/sorina\/wp-json\/wp\/v2\/types\/product"}],"replies":[{"embeddable":true,"href":"https:\/\/desarrollo.estherbarniol.com\/sorina\/wp-json\/wp\/v2\/comments?post=8506"}],"wp:featuredmedia":[{"embeddable":true,"href":"https:\/\/desarrollo.estherbarniol.com\/sorina\/wp-json\/wp\/v2\/media\/8507"}],"wp:attachment":[{"href":"https:\/\/desarrollo.estherbarniol.com\/sorina\/wp-json\/wp\/v2\/media?parent=8506"}],"wp:term":[{"taxonomy":"product_cat","embeddable":true,"href":"https:\/\/desarrollo.estherbarniol.com\/sorina\/wp-json\/wp\/v2\/product_cat?post=8506"},{"taxonomy":"product_tag","embeddable":true,"href":"https:\/\/desarrollo.estherbarniol.com\/sorina\/wp-json\/wp\/v2\/product_tag?post=8506"}],"curies":[{"name":"wp","href":"https:\/\/api.w.org\/{rel}","templated":true}]}}