{"id":8511,"date":"2024-09-11T17:58:11","date_gmt":"2024-09-11T17:58:11","guid":{"rendered":"https:\/\/desarrollo.estherbarniol.com\/sorina\/?post_type=product&#038;p=8511"},"modified":"2024-10-01T21:39:45","modified_gmt":"2024-10-01T21:39:45","slug":"planificador-setmanal-blanc","status":"publish","type":"product","link":"https:\/\/desarrollo.estherbarniol.com\/sorina\/product\/planificador-setmanal-blanc\/","title":{"rendered":"Planificador setmanal Blanc"},"content":{"rendered":"<p>Planificador setmanal ideal per tenir les tasques de la setmana sempre visibles al teu escriptori o estudi.<\/p>\n<p><b>Caracter\u00edstiques del planificador setmanal, model Blanc<\/b><\/p>\n<p>&#8211; Planificador mensual DIN A4 (29,7x21cm) en horitzontal.<\/p>\n<p>&#8211; 100 fulls de 80gr impreses a una cara.<\/p>\n<p>&#8211; Apartat pels dies de la setmana, deixant m\u00e9s espai per als laborals.<\/p>\n<p>&#8211; P\u00e0gines amb il\u00b7lustracions i espais en blanc perqu\u00e8 puguis escriure la data i els dies de la setmana com m\u00e9s t&#8217;agradi i en l&#8217;idioma que vulguis, juntament amb les cites, reunions i\/o activitats programades.<\/p>\n<p>&#8211; Pots seguir escrivint m\u00e9s notes i esbossos a la cara que no est\u00e0 impresa.<\/p>\n<p>&#8211; Bloc encolat perqu\u00e8 puguis arrencar les p\u00e0gines de forma f\u00e0cil i sense fer malb\u00e9 la resta.<\/p>\n<p>&#8211; Cartr\u00f3 de protecci\u00f3 a la part del darrere perqu\u00e8 escriguis sempre c\u00f2modament.<\/p>\n<p>&nbsp;<\/p>\n<p><b>Beneficis del planificador setmanal model Blanc<\/b><\/p>\n<p>&#8211; Aprendr\u00e0s a organitzar-te millor<\/p>\n<p>&#8211; Tindr\u00e0s les teves tasques organitzades i apuntades<\/p>\n<p>&#8211; Aconseguir\u00e0s estabilitat i seguretat perqu\u00e8 sabr\u00e0s qu\u00e8 fer a cada moment sense que t&#8217;ocupi espai al teu cap.<\/p>\n<p>&#8211; Tindr\u00e0s el dia planificat i et permetr\u00e0 reorganitzar-te sense entrar en nerviosismes i ansietats si tens algun imprevist.<\/p>\n<p>&#8211; Aconseguir\u00e0s eliminar tasques pendents.<\/p>\n<p>&#8211; Avan\u00e7ar\u00e0s en els teus objectius.<\/p>\n<p>&#8211; T&#8217;envair\u00e0 una sensaci\u00f3 de satisfacci\u00f3, benestar i felicitat (poc comparable a res m\u00e9s), quan vegis tot el que has aconseguit aquesta setmana.<\/p>\n<p>&#8211; Et motivar\u00e0s encara m\u00e9s.<\/p>\n<p>&#8211; I tatxar! T&#8217;enganxar\u00e0s el gran gust d&#8217;experimentar aquesta plaent sensaci\u00f3 d\u2019anar ratllant cada tasca, cita, reuni\u00f3, o activitat que hagis programat i fet. Saps com de b\u00e9 et fa sentir aix\u00f2? S\u00ed, ho saps.<\/p>\n<p>&nbsp;<\/p>\n<p><b>Informaci\u00f3 addicional<\/b><\/p>\n<p>Dimensions: 29,7 \u00d7 0,5 \u00d7 21 cm<\/p>\n","protected":false},"excerpt":{"rendered":"<p>Tinc moltes coses a fer i poc temps per fer-les! Et sona? Sempre anem com a pollastre sense cap i al final et fa la sensaci\u00f3 que fas molt, per\u00f2 no avances. Marcar objectius a nivell laboral i personal est\u00e0 molt b\u00e9, per\u00f2 s&#8217;han de complir.<\/p>\n<p>&nbsp;<\/p>\n<p>Amb el planificador setmanal, podr\u00e0s veure a primera vista, tot el que tens programat per a la setmana i treure punta a les teves eines per aconseguir els teus objectius.<\/p>\n<p>&nbsp;<\/p>\n<p>Improvisar est\u00e0 molt b\u00e9, et fa vidre, per\u00f2 tenir una mica de planificaci\u00f3 t&#8217;ajuda a avan\u00e7ar.<\/p>\n","protected":false},"featured_media":8512,"comment_status":"open","ping_status":"closed","template":"","meta":[],"product_cat":[62],"product_tag":[],"_links":{"self":[{"href":"https:\/\/desarrollo.estherbarniol.com\/sorina\/wp-json\/wp\/v2\/product\/8511"}],"collection":[{"href":"https:\/\/desarrollo.estherbarniol.com\/sorina\/wp-json\/wp\/v2\/product"}],"about":[{"href":"https:\/\/desarrollo.estherbarniol.com\/sorina\/wp-json\/wp\/v2\/types\/product"}],"replies":[{"embeddable":true,"href":"https:\/\/desarrollo.estherbarniol.com\/sorina\/wp-json\/wp\/v2\/comments?post=8511"}],"wp:featuredmedia":[{"embeddable":true,"href":"https:\/\/desarrollo.estherbarniol.com\/sorina\/wp-json\/wp\/v2\/media\/8512"}],"wp:attachment":[{"href":"https:\/\/desarrollo.estherbarniol.com\/sorina\/wp-json\/wp\/v2\/media?parent=8511"}],"wp:term":[{"taxonomy":"product_cat","embeddable":true,"href":"https:\/\/desarrollo.estherbarniol.com\/sorina\/wp-json\/wp\/v2\/product_cat?post=8511"},{"taxonomy":"product_tag","embeddable":true,"href":"https:\/\/desarrollo.estherbarniol.com\/sorina\/wp-json\/wp\/v2\/product_tag?post=8511"}],"curies":[{"name":"wp","href":"https:\/\/api.w.org\/{rel}","templated":true}]}}