{"id":8522,"date":"2024-09-11T18:14:53","date_gmt":"2024-09-11T18:14:53","guid":{"rendered":"https:\/\/desarrollo.estherbarniol.com\/sorina\/?post_type=product&#038;p=8522"},"modified":"2024-09-11T18:18:40","modified_gmt":"2024-09-11T18:18:40","slug":"llibreta-idees","status":"publish","type":"product","link":"https:\/\/desarrollo.estherbarniol.com\/sorina\/product\/llibreta-idees\/","title":{"rendered":"Llibreta Idees"},"content":{"rendered":"<p>Format: A5 (10,5 x 21cm)<\/p>\n<p>&nbsp;<\/p>\n<p>Enquadernat en espiral wir\u2019o negre de doble anella<\/p>\n<p>&nbsp;<\/p>\n<p>Tapa r\u00fastica dura amb acabat vern\u00eds mat davant fregament, tant a la portada com a la contraportada, perqu\u00e8 no es marquin les empremtes<\/p>\n<p>&nbsp;<\/p>\n<p>Interior: 100 fulls en blanc de 80gr, ideal per escriure o dibuixar sense traspassar la tinta a l&#8217;altre laso de la p\u00e0gina. Porta una petita il\u00b7lustraci\u00f3 d&#8217;estrelles al bell mig de la part inferior de la p\u00e0gina per donar-te inspiraci\u00f3 i energia.<\/p>\n<p>&nbsp;<\/p>\n<p>Ideal per utilitzar-la com a agenda, planificador o com a llibreta d&#8217;esbossos o idees. Podeu escriure o dibuixar.<\/p>\n<p>&nbsp;<\/p>\n<p>A la portada, il\u00b7lustraci\u00f3 digital tipus c\u00f2mic sobre algunes de les coses que ens poden passar pel cap.<\/p>\n<p>&nbsp;<\/p>\n<p>La contraportada \u00e9s llisa de color blau cel intens.<\/p>\n<p><b>Informaci\u00f3 addicional<\/b><\/p>\n<p>Pes: 0,350 kg<\/p>\n<p>Dimensions: 13 \u00d7 2 \u00d7 21 cm<\/p>\n","protected":false},"excerpt":{"rendered":"<p>El dia a dia no para, el temps vola, hi ha una infinitat de tasques per fer i el teu cap est\u00e0 en constant creaci\u00f3 d&#8217;idees que despr\u00e9s t&#8217;oblides o de plans que s\u00f3n impossibles que duguis a terme.<\/p>\n<p>&nbsp;<\/p>\n<p>Deixa que aquestes idees i plans facin xup-xup a la llibreta Idees. Perqu\u00e8 nom\u00e9s escrivint-les o dibuixant-les, ja aconsegueixes que en quedi const\u00e0ncia i aquest \u00e9s el primer pas per fer-les realitat. A qu\u00e8 s\u00ed? Ja ho veur\u00e0s, prova-ho. Amb la llibreta Idees, tens prou espai per a tots els teus prop\u00f2sits.<\/p>\n","protected":false},"featured_media":8526,"comment_status":"open","ping_status":"closed","template":"","meta":[],"product_cat":[62],"product_tag":[],"_links":{"self":[{"href":"https:\/\/desarrollo.estherbarniol.com\/sorina\/wp-json\/wp\/v2\/product\/8522"}],"collection":[{"href":"https:\/\/desarrollo.estherbarniol.com\/sorina\/wp-json\/wp\/v2\/product"}],"about":[{"href":"https:\/\/desarrollo.estherbarniol.com\/sorina\/wp-json\/wp\/v2\/types\/product"}],"replies":[{"embeddable":true,"href":"https:\/\/desarrollo.estherbarniol.com\/sorina\/wp-json\/wp\/v2\/comments?post=8522"}],"wp:featuredmedia":[{"embeddable":true,"href":"https:\/\/desarrollo.estherbarniol.com\/sorina\/wp-json\/wp\/v2\/media\/8526"}],"wp:attachment":[{"href":"https:\/\/desarrollo.estherbarniol.com\/sorina\/wp-json\/wp\/v2\/media?parent=8522"}],"wp:term":[{"taxonomy":"product_cat","embeddable":true,"href":"https:\/\/desarrollo.estherbarniol.com\/sorina\/wp-json\/wp\/v2\/product_cat?post=8522"},{"taxonomy":"product_tag","embeddable":true,"href":"https:\/\/desarrollo.estherbarniol.com\/sorina\/wp-json\/wp\/v2\/product_tag?post=8522"}],"curies":[{"name":"wp","href":"https:\/\/api.w.org\/{rel}","templated":true}]}}