{"id":8528,"date":"2024-09-11T18:19:23","date_gmt":"2024-09-11T18:19:23","guid":{"rendered":"https:\/\/desarrollo.estherbarniol.com\/sorina\/?post_type=product&#038;p=8528"},"modified":"2024-09-11T18:22:46","modified_gmt":"2024-09-11T18:22:46","slug":"llibreta-ocells","status":"publish","type":"product","link":"https:\/\/desarrollo.estherbarniol.com\/sorina\/product\/llibreta-ocells\/","title":{"rendered":"Llibreta Ocells"},"content":{"rendered":"<p>Format: A5 (10,5 x 21cm)<\/p>\n<p>&nbsp;<\/p>\n<p>Enquadernat en espiral wir\u2019o negre de doble anella<\/p>\n<p>&nbsp;<\/p>\n<p>Tapa r\u00fastica dura amb acabat vern\u00eds mat davant fregament, tant a la portada com a la contraportada, perqu\u00e8 no es marquin les empremtes<\/p>\n<p>&nbsp;<\/p>\n<p>Interior: 100 fulls en blanc de 80gr, ideal per escriure o dibuixar sense traspassar la tinta a l&#8217;altre laso de la p\u00e0gina. Porta una petita il\u00b7lustraci\u00f3 d&#8217;estrelles al bell mig de la part inferior de la p\u00e0gina per donar-te inspiraci\u00f3 i energia.<\/p>\n<p>&nbsp;<\/p>\n<p>A la portada, il\u00b7lustraci\u00f3 digital d&#8217;ocells feli\u00e7os i contents.<\/p>\n<p>&nbsp;<\/p>\n<p>La contraportada \u00e9s llisa de color taronja.<\/p>\n<p>&nbsp;<\/p>\n<p><b>Informaci\u00f3 addicional<\/b><\/p>\n<p>Pes: 0,350 kg<\/p>\n<p>Dimensions: 13 \u00d7 2 \u00d7 21 cm<\/p>\n","protected":false},"excerpt":{"rendered":"<p>Mil idees no paren de voletejar al teu cap. No pares, fins i tot dormint. I quan t&#8217;aixeques\u2026 plop! van desapar\u00e8ixer. Si tens mil ocells al cap, apunta&#8217;ls perqu\u00e8 aixequin el vol i es facin realitat.<\/p>\n<p>&nbsp;<\/p>\n<p>Pots dibuixar-les, escriure-les, llistar-les\u2026 \u200b\u200b\u00c9s moment de donar curs a la teva creativitat ia la llibreta Ocells, tens prou espai per a tots els teus prop\u00f2sits.<\/p>\n","protected":false},"featured_media":8529,"comment_status":"open","ping_status":"closed","template":"","meta":[],"product_cat":[62],"product_tag":[],"_links":{"self":[{"href":"https:\/\/desarrollo.estherbarniol.com\/sorina\/wp-json\/wp\/v2\/product\/8528"}],"collection":[{"href":"https:\/\/desarrollo.estherbarniol.com\/sorina\/wp-json\/wp\/v2\/product"}],"about":[{"href":"https:\/\/desarrollo.estherbarniol.com\/sorina\/wp-json\/wp\/v2\/types\/product"}],"replies":[{"embeddable":true,"href":"https:\/\/desarrollo.estherbarniol.com\/sorina\/wp-json\/wp\/v2\/comments?post=8528"}],"wp:featuredmedia":[{"embeddable":true,"href":"https:\/\/desarrollo.estherbarniol.com\/sorina\/wp-json\/wp\/v2\/media\/8529"}],"wp:attachment":[{"href":"https:\/\/desarrollo.estherbarniol.com\/sorina\/wp-json\/wp\/v2\/media?parent=8528"}],"wp:term":[{"taxonomy":"product_cat","embeddable":true,"href":"https:\/\/desarrollo.estherbarniol.com\/sorina\/wp-json\/wp\/v2\/product_cat?post=8528"},{"taxonomy":"product_tag","embeddable":true,"href":"https:\/\/desarrollo.estherbarniol.com\/sorina\/wp-json\/wp\/v2\/product_tag?post=8528"}],"curies":[{"name":"wp","href":"https:\/\/api.w.org\/{rel}","templated":true}]}}