{"id":8548,"date":"2024-09-12T08:30:33","date_gmt":"2024-09-12T08:30:33","guid":{"rendered":"https:\/\/desarrollo.estherbarniol.com\/sorina\/?post_type=product&#038;p=8548"},"modified":"2024-09-12T08:43:51","modified_gmt":"2024-09-12T08:43:51","slug":"llibreta-dent-de-lleo","status":"publish","type":"product","link":"https:\/\/desarrollo.estherbarniol.com\/sorina\/product\/llibreta-dent-de-lleo\/","title":{"rendered":"Llibreta Dent de lle\u00f3"},"content":{"rendered":"<p>Format: A5 (10,5 x 21cm)<\/p>\n<p>&nbsp;<\/p>\n<p>Enquadernat en espiral wir\u2019o negre de doble anella.<\/p>\n<p>&nbsp;<\/p>\n<p>Tapa r\u00fastica dura amb acabat vern\u00eds mat davant fregament, tant a la portada com a la contraportada, perqu\u00e8 no es marquin les empremtes<\/p>\n<p>&nbsp;<\/p>\n<p>Interior: 100 fulls en blanc de 80gr, ideal per escriure o dibuixar sense que traspassi la tinta a l&#8217;altra banda de la p\u00e0gina. Porta una petita il\u00b7lustraci\u00f3 d&#8217;estrelles al bell mig de la part inferior de la p\u00e0gina per donar-te inspiraci\u00f3 i energia.<\/p>\n<p>&nbsp;<\/p>\n<p>A la portada, il\u00b7lustraci\u00f3 digital d&#8217;una noia gaudint de la flor dent de lle\u00f3.<\/p>\n<p>&nbsp;<\/p>\n<p>La contraportada \u00e9s llisa de color taronja<\/p>\n<p>&nbsp;<\/p>\n<p><b>Informaci\u00f3 addicional<\/b><\/p>\n<p>Pes: 0,350 kg<\/p>\n<p>Dimensions: 13 \u00d7 2 \u00d7 21 cm<\/p>\n","protected":false},"excerpt":{"rendered":"<p>Has bufat mai la flor d&#8217;una dent de lle\u00f3? Demana un desig i bufa, segur que es compleix, diuen. Jo que tu ho provaria. No perds res, oi? Per\u00f2 aix\u00f2 s\u00ed: no deixis que se l&#8217;emporti el vent. Millor apunta aquest desig per tenir-lo sempre present i poder-lo titllar quan s&#8217;hagi complert.<\/p>\n<p>A la llibreta Dent de lle\u00f3, tens prou espai per a tots els teus prop\u00f2sits. Qu\u00e8 prefereixes: escriure&#8217;l o dibuixar-ho? Jo poso el suport, tu el contingut. Un bon t\u00e0ndem, oi? \u00a1A complir desitjos s&#8217;ha dit!<\/p>\n","protected":false},"featured_media":8553,"comment_status":"open","ping_status":"closed","template":"","meta":[],"product_cat":[62],"product_tag":[],"_links":{"self":[{"href":"https:\/\/desarrollo.estherbarniol.com\/sorina\/wp-json\/wp\/v2\/product\/8548"}],"collection":[{"href":"https:\/\/desarrollo.estherbarniol.com\/sorina\/wp-json\/wp\/v2\/product"}],"about":[{"href":"https:\/\/desarrollo.estherbarniol.com\/sorina\/wp-json\/wp\/v2\/types\/product"}],"replies":[{"embeddable":true,"href":"https:\/\/desarrollo.estherbarniol.com\/sorina\/wp-json\/wp\/v2\/comments?post=8548"}],"wp:featuredmedia":[{"embeddable":true,"href":"https:\/\/desarrollo.estherbarniol.com\/sorina\/wp-json\/wp\/v2\/media\/8553"}],"wp:attachment":[{"href":"https:\/\/desarrollo.estherbarniol.com\/sorina\/wp-json\/wp\/v2\/media?parent=8548"}],"wp:term":[{"taxonomy":"product_cat","embeddable":true,"href":"https:\/\/desarrollo.estherbarniol.com\/sorina\/wp-json\/wp\/v2\/product_cat?post=8548"},{"taxonomy":"product_tag","embeddable":true,"href":"https:\/\/desarrollo.estherbarniol.com\/sorina\/wp-json\/wp\/v2\/product_tag?post=8548"}],"curies":[{"name":"wp","href":"https:\/\/api.w.org\/{rel}","templated":true}]}}