{"id":8554,"date":"2024-09-12T08:37:41","date_gmt":"2024-09-12T08:37:41","guid":{"rendered":"https:\/\/desarrollo.estherbarniol.com\/sorina\/?post_type=product&#038;p=8554"},"modified":"2024-09-12T08:52:59","modified_gmt":"2024-09-12T08:52:59","slug":"llibreta-te-japones","status":"publish","type":"product","link":"https:\/\/desarrollo.estherbarniol.com\/sorina\/product\/llibreta-te-japones\/","title":{"rendered":"Llibreta Te japon\u00e8s"},"content":{"rendered":"<p>Format: A5 (10,5 x 21cm)<\/p>\n<p>&nbsp;<\/p>\n<p>Enquadernat en espiral wir\u2019o negre de doble anella<\/p>\n<p>&nbsp;<\/p>\n<p>Tapa r\u00fastica dura amb acabat vern\u00eds mat davant fregament, tant a la portada com a la contraportada, perqu\u00e8 no es marquin les empremtes<\/p>\n<p>&nbsp;<\/p>\n<p>Interior: 100 fulls en blanc de 80gr, ideal per escriure o dibuixar sense traspassar la tinta a l&#8217;altre laso de la p\u00e0gina. Porta una petita il\u00b7lustraci\u00f3 d&#8217;estrelles al bell mig de la part inferior de la p\u00e0gina per donar-te inspiraci\u00f3 i energia.<\/p>\n<p>&nbsp;<\/p>\n<p>A la portada, il\u00b7lustraci\u00f3 digital de la cerim\u00f2nia del te al jard\u00ed d&#8217;una casa estil japon\u00e8s.<\/p>\n<p>&nbsp;<\/p>\n<p>La contraportada \u00e9s llisa de color verd bot\u00e0nic.<\/p>\n<p>&nbsp;<\/p>\n<p>I<b>nformaci\u00f3 addicional<\/b><\/p>\n<p>Pes: 0,350 kg<\/p>\n<p>Dimensions: 13 \u00d7 2 \u00d7 21 cm<\/p>\n","protected":false},"excerpt":{"rendered":"<p>Acabes de viatjar al Jap\u00f3 i et trobes en un dels moments m\u00e9s importants del dia: l?hora del te. Fan tota una cerim\u00f2nia i tu en formes part. \u00c9s un moment de reflexi\u00f3 i pau. Moment per estar en fam\u00edlia, amics o amb tu. Moment per preparar-te la teva infusi\u00f3 preferida, asseure&#8217;t a la teva butaca i regalar-te aquest moment per a tu.<\/p>\n<p>&nbsp;<\/p>\n<p>En aquest instant t&#8217;est\u00e0s dedicant temps, obris aquesta llibreta com a part de la cerim\u00f2nia del te i comparteixes, nom\u00e9s per a tu, all\u00f2 que vols recordar.<\/p>\n<p>&nbsp;<\/p>\n<p>Qu\u00e8 prefereixes: escriure o dibuixar? Potser fer una llista de tasques o h\u00e0bits? Tu decideixes. El que et vingui de gust est\u00e0 genial, perqu\u00e8 est\u00e0s de celebraci\u00f3: est\u00e0s escollint regalar-te temps per a tu. Per mimar-te. I amb la llibreta lavanda tens prou espai per als teus prop\u00f2sits.<\/p>\n","protected":false},"featured_media":8558,"comment_status":"open","ping_status":"closed","template":"","meta":[],"product_cat":[62],"product_tag":[],"_links":{"self":[{"href":"https:\/\/desarrollo.estherbarniol.com\/sorina\/wp-json\/wp\/v2\/product\/8554"}],"collection":[{"href":"https:\/\/desarrollo.estherbarniol.com\/sorina\/wp-json\/wp\/v2\/product"}],"about":[{"href":"https:\/\/desarrollo.estherbarniol.com\/sorina\/wp-json\/wp\/v2\/types\/product"}],"replies":[{"embeddable":true,"href":"https:\/\/desarrollo.estherbarniol.com\/sorina\/wp-json\/wp\/v2\/comments?post=8554"}],"wp:featuredmedia":[{"embeddable":true,"href":"https:\/\/desarrollo.estherbarniol.com\/sorina\/wp-json\/wp\/v2\/media\/8558"}],"wp:attachment":[{"href":"https:\/\/desarrollo.estherbarniol.com\/sorina\/wp-json\/wp\/v2\/media?parent=8554"}],"wp:term":[{"taxonomy":"product_cat","embeddable":true,"href":"https:\/\/desarrollo.estherbarniol.com\/sorina\/wp-json\/wp\/v2\/product_cat?post=8554"},{"taxonomy":"product_tag","embeddable":true,"href":"https:\/\/desarrollo.estherbarniol.com\/sorina\/wp-json\/wp\/v2\/product_tag?post=8554"}],"curies":[{"name":"wp","href":"https:\/\/api.w.org\/{rel}","templated":true}]}}