{"id":8566,"date":"2024-09-12T09:04:47","date_gmt":"2024-09-12T09:04:47","guid":{"rendered":"https:\/\/desarrollo.estherbarniol.com\/sorina\/?post_type=product&#038;p=8566"},"modified":"2024-09-12T09:07:16","modified_gmt":"2024-09-12T09:07:16","slug":"llibreta-lavanda","status":"publish","type":"product","link":"https:\/\/desarrollo.estherbarniol.com\/sorina\/product\/llibreta-lavanda\/","title":{"rendered":"Llibreta Lavanda"},"content":{"rendered":"<p>Format: A5 (10,5 x 21cm)<\/p>\n<p>&nbsp;<\/p>\n<p>Enquadernat en espiral wir\u2019o negre de doble anella<\/p>\n<p>&nbsp;<\/p>\n<p>Tapa r\u00fastica dura amb acabat vern\u00eds mat davant fregament, tant a la portada com a la contraportada, perqu\u00e8 no es marquin les empremtes<\/p>\n<p>&nbsp;<\/p>\n<p>Interior: 100 fulls en blanc de 80gr, ideal per escriure o dibuixar sense que traspassi la tinta a l&#8217;altra banda de la p\u00e0gina. Porta una petita il\u00b7lustraci\u00f3 d&#8217;estrelles al bell mig de la part inferior de la p\u00e0gina per donar-te inspiraci\u00f3 i energia.<\/p>\n<p>&nbsp;<\/p>\n<p>A la portada, il\u00b7lustraci\u00f3 digital d&#8217;un nen descansat feli\u00e7 al mig d&#8217;un camp d&#8217;esp\u00edgols.<\/p>\n<p>&nbsp;<\/p>\n<p>La contraportada \u00e9s llisa de color lavanda.<\/p>\n<p>&nbsp;<\/p>\n<p><b>Informaci\u00f3 addicional<\/b><\/p>\n<p>Pes: 0,350 kg<\/p>\n<p>Dimensions: 13 \u00d7 2 \u00d7 21 cm<\/p>\n","protected":false},"excerpt":{"rendered":"<p>Un moment de relax, estirar-te en un camp de lavanda, olorar-la i deixar que el sol del capvespre acarici\u00ef les teves galtes\u2026<\/p>\n<p>&nbsp;<\/p>\n<p>En aquest instant t&#8217;est\u00e0s dedicant un moment, obris aquesta llibreta d&#8217;esp\u00edgols i et deixes anar. Plasmes sobre el paper les experi\u00e8ncies que t&#8217;evoquen i et remouen avui.<\/p>\n<p>&nbsp;<\/p>\n<p>Qu\u00e8 prefereixes: escriure o dibuixar? Potser fer una llista de tasques o h\u00e0bits? Tu decideixes. El que et vingui de gust est\u00e0 genial, perqu\u00e8 est\u00e0s de celebraci\u00f3: est\u00e0s escollint regalar-te temps per a tu. Per mimar-te. I amb la llibreta lavanda tens prou espai per als teus prop\u00f2sits.<\/p>\n","protected":false},"featured_media":8571,"comment_status":"open","ping_status":"closed","template":"","meta":[],"product_cat":[62],"product_tag":[],"_links":{"self":[{"href":"https:\/\/desarrollo.estherbarniol.com\/sorina\/wp-json\/wp\/v2\/product\/8566"}],"collection":[{"href":"https:\/\/desarrollo.estherbarniol.com\/sorina\/wp-json\/wp\/v2\/product"}],"about":[{"href":"https:\/\/desarrollo.estherbarniol.com\/sorina\/wp-json\/wp\/v2\/types\/product"}],"replies":[{"embeddable":true,"href":"https:\/\/desarrollo.estherbarniol.com\/sorina\/wp-json\/wp\/v2\/comments?post=8566"}],"wp:featuredmedia":[{"embeddable":true,"href":"https:\/\/desarrollo.estherbarniol.com\/sorina\/wp-json\/wp\/v2\/media\/8571"}],"wp:attachment":[{"href":"https:\/\/desarrollo.estherbarniol.com\/sorina\/wp-json\/wp\/v2\/media?parent=8566"}],"wp:term":[{"taxonomy":"product_cat","embeddable":true,"href":"https:\/\/desarrollo.estherbarniol.com\/sorina\/wp-json\/wp\/v2\/product_cat?post=8566"},{"taxonomy":"product_tag","embeddable":true,"href":"https:\/\/desarrollo.estherbarniol.com\/sorina\/wp-json\/wp\/v2\/product_tag?post=8566"}],"curies":[{"name":"wp","href":"https:\/\/api.w.org\/{rel}","templated":true}]}}