{"id":8572,"date":"2024-09-12T09:09:38","date_gmt":"2024-09-12T09:09:38","guid":{"rendered":"https:\/\/desarrollo.estherbarniol.com\/sorina\/?post_type=product&#038;p=8572"},"modified":"2024-10-01T21:37:21","modified_gmt":"2024-10-01T21:37:21","slug":"plant-tracker-registra-les-plantes","status":"publish","type":"product","link":"https:\/\/desarrollo.estherbarniol.com\/sorina\/product\/plant-tracker-registra-les-plantes\/","title":{"rendered":"Plant Tracker: registra les plantes"},"content":{"rendered":"<p>Aquest Plant tracker soluciona molts dels teus problemes plantils si creus que ets un\/a \u00abmataplantes\u00bb, si no tens ni idea de si cal abonar o trasplantar, si ni te&#8217;n recordes de l&#8217;\u00faltima vegada que regaste les teves plantes o si et moren fins als cactus, per anomenar algunes de les moltes inquietuds que sorgeixen quan tenim plantes de qu\u00e8 cuidar-nos.<\/p>\n<p>&nbsp;<\/p>\n<p>Si \u00e9s aix\u00ed, observa b\u00e9 qu\u00e8 fas i apunta-ho a aquest Plant tracker. Nom\u00e9s aix\u00ed podr\u00e0s saber en qu\u00e8 t&#8217;est\u00e0s equivocant a l&#8217;hora de cuidar les plantes i com solucionar-ho.<\/p>\n<p>&nbsp;<\/p>\n<p>En aquesta llibreta, podr\u00e0s portar un registre exhaustiu de cadascun dels teus passos. Tot i aix\u00ed, en aquest Plant tracker no trobar\u00e0s consells, ni solucions, perqu\u00e8 no s\u00f3c experta en jardineria ni entenc de plantes. Al contrari, per un temps tamb\u00e9 vaig ser \u00abmataplantes\u00bb i gr\u00e0cies a anar registrant i anotant els meus progressos, aquesta etapa ja va acabar. El que tindr\u00e0s amb aquest Plant tracker \u00e9s un espai on apuntar cadascuna de les caracter\u00edstiques de les plantes i registrar els aspectes m\u00e9s importants a seguir, per cuidar-les i que creixin b\u00e9.<\/p>\n<p>&nbsp;<\/p>\n<p>Aix\u00ed que, sense ser experta, aquest Plant tracker ho vaig idear just per cobrir la necessitat que tenia d&#8217;apuntar cada pas que feia amb les meves plantes per arribar a entendre-les i que no em morissin. Vaig buscar per internet i en botigues f\u00edsiques i no vaig trobar una soluci\u00f3 que em convenc\u00e9s, aix\u00ed que la vaig crear i va n\u00e9ixer aquest registrador de plantes.\u00a0 Ho vaig dissenyar basant-me en la meva pr\u00f2pia experi\u00e8ncia i en consells que he anat aprenent de forma autodidacta, llegint llibres o contractant assessories per analitzar les plantes i els problemes.<\/p>\n<p>&nbsp;<\/p>\n<p>Amb aix\u00f2 vaig aprendre que anotant regularment cada pas que fas amb les teves plantes, podr\u00e0s arribar a treure patrons, con\u00e8ixer-les i fins i tot avan\u00e7ar-te als problemes que puguin tenir, ja que t&#8217;haur\u00e0s acostumat a observar les teves plantes i les coneixer\u00e0s en detall.<\/p>\n<p>&nbsp;<\/p>\n<p>&nbsp;<\/p>\n<p>&nbsp;<\/p>\n<p><b>Qu\u00e8 podeu fer amb el Plant tracker?<\/b><\/p>\n<p>&#8211; Portar un registre exhaustiu de totes les plantes<\/p>\n<p>&#8211; Entendre les plantes<\/p>\n<p>&#8211; Avan\u00e7ar-te als problemes que puguin tenir<\/p>\n<p>&#8211; Analitzar l&#8217;habitaci\u00f3 on estan col\u00b7locades<\/p>\n<p>&#8211; Saber quina ubicaci\u00f3 \u00e9s id\u00f2nia per a cada planta<\/p>\n<p>&#8211; Anotar imprevistos que tinguis, consells que hagis apr\u00e8s o t&#8217;hagin donat<\/p>\n<p>&#8211; Avaluar els aspectes m\u00e9s importants a tenir en compte:<\/p>\n<p>&#8211; llum<\/p>\n<p>&#8211; reg<\/p>\n<p>&#8211; temperatura<\/p>\n<p>&#8211; substrat<\/p>\n<p>&#8211; fulles<\/p>\n<p>&#8211; plagues\u2026<\/p>\n<p>&nbsp;<\/p>\n<p>&nbsp;<\/p>\n<p><b>Caracter\u00edstiques:<\/b><\/p>\n<p>&#8211; Llibreta totalment il\u00b7lustrada<\/p>\n<p>&#8211; Incorpora una guia b\u00e0sica perqu\u00e8 s\u00e0pigues com utilitzar el Plant tracker i qu\u00e8 has d&#8217;anotar a cada apartat<\/p>\n<p>&#8211; Espai per dibuixar la teva planta (o posar una foto) per saber quina \u00e9s<\/p>\n<p>&#8211; Fitxes perqu\u00e8 emplenis les caracter\u00edstiques de cada planta i portis un registre de totes les cures que necessita<\/p>\n<p>&#8211; Espai per portar un registre exhaustiu per a 44 plantes<\/p>\n<p>&#8211; Pots tunejar el Plant tracker i fer-lo teu personalitzant-lo i pintant algunes de les il\u00b7lustracions que hi apareixen.<\/p>\n<p>&#8211; Llibreta impresa i grapada artesanalment i de forma ecol\u00f2gica i sostenible<\/p>\n<p>&#8211; Paper interior reciclat de 110gr de color nacre<\/p>\n<p>&#8211; Portada impresa en paper kraft de 300gr<\/p>\n<p>&#8211; Grand\u00e0ria A5 (15x21cm)<\/p>\n<p>&#8211; 80 p\u00e0gines per registrar les plantes i la ubicaci\u00f3<\/p>\n<p>&#8211; 2 p\u00e0gines per a l&#8217;\u00edndex de les plantes dins la llibreta<\/p>\n<p>&#8211; 6 p\u00e0gines destinades al registre de la ubicaci\u00f3 de les plantes<\/p>\n<p>&#8211; 35 fitxes il\u00b7lustrades a doble p\u00e0gina per portar el registre de les plantes al detall<\/p>\n<p>&#8211; 1 p\u00e0gines per a notes extres<\/p>\n<p>&nbsp;<\/p>\n<p><b>Com s\u00e9 si el Plant tracker \u00e9s per a mi?<\/b><\/p>\n<p>Aquest Plant tracker \u00c9S PER A TU si:<\/p>\n<p>&#8211; Ets una apassionada de les plantes.<\/p>\n<p>&#8211; T&#8217;agraden les plantes per\u00f2 no saps com tenir-ne cura.<\/p>\n<p>&#8211; Penses que ets una \u00abmataplantes\u00bb.<\/p>\n<p>&#8211; No saps quin problema tenen les plantes.<\/p>\n<p>&#8211; Vols entendre les plantes.<\/p>\n<p>&#8211; Vols portar un registre de les teves plantes per tenir-les ordenades i agrupar totes les dades en un mateix lloc.<\/p>\n<p>&#8211; Mai te&#8217;n recordes de l&#8217;\u00faltima vegada que les vas gastar.<\/p>\n<p>&#8211; T&#8217;agraden les plantes, per\u00f2 vols fer-li un seguiment perqu\u00e8 no se t&#8217;escapi res.<\/p>\n<p>&#8211; T&#8217;agrada relaxar-te entre plantes.<\/p>\n<p>&#8211; Envoltar-te de plantes i estar-hi en contacte \u00e9s el teu petit parad\u00eds particular.<\/p>\n<p>&nbsp;<\/p>\n<p>Aquest Plant tracker NO \u00c9S PER A TU si:<\/p>\n<p>&#8211; No t&#8217;agraden les plantes i no en vols saber res.<\/p>\n<p>&#8211; No tens temps per cuidar les plantes.<\/p>\n<p>&#8211; El m\u00f3n plantil el tens m\u00e9s que controlat i no cal apuntar res perqu\u00e8 no hi ha planta que se&#8217;t resisteixi.<\/p>\n<p>&#8211; No vols portar un registre de les teves plantes per tenir-les ordenades i agrupar totes les dades en un mateix lloc.<\/p>\n<p>&nbsp;<\/p>\n<p>No tens excusa, ara tens l&#8217;oportunitat d&#8217;entendre les plantes i que no se&#8217;t resisteixin. Segur que en pocs dies, fins i tot et demanaran consell!<\/p>\n<p>&nbsp;<\/p>\n<p><b>Informaci\u00f3 addicional<\/b><\/p>\n<p>Pes: 0,180 kg<\/p>\n<p>Dimensions: 15\u00d70,8\u00d721 cm<\/p>\n","protected":false},"excerpt":{"rendered":"<p>Penses que no et donen b\u00e9 les plantes perqu\u00e8 se&#8217;t moren fins als cactus? El terme mataplantes et descriu perfectament?<\/p>\n<p>&nbsp;<\/p>\n<p>La soluci\u00f3 a aquests problemes l&#8217;experimentar\u00e0s amb aquest Plant tracker: una llibreta ecol\u00f2gica amb una fitxa per a cadascuna de les plantes, que et permetr\u00e0 analitzar-les, entendre-les i avan\u00e7ar-te als seus problemes perqu\u00e8 no se&#8217;t morin.<\/p>\n<p>&nbsp;<\/p>\n<p>Les plantes et parlen a trav\u00e9s del seu aspecte: fulles, textura, estructura\u2026 Entendre-les i saber qu\u00e8 et diuen \u00e9s q\u00fcesti\u00f3 d&#8217;observaci\u00f3. Amb el Plant tracker a les teves mans, nom\u00e9s haur\u00e0s de consultar-ho per saber qu\u00e8 t&#8217;estan demanant a cada moment.<\/p>\n<p>&nbsp;<\/p>\n<p>El Plant tracker \u00e9s la soluci\u00f3 perfecta per deixar de ser \u00abmataplantes\u00bb i passar a ser \u00abplant lover\u00bb.<\/p>\n","protected":false},"featured_media":8579,"comment_status":"open","ping_status":"closed","template":"","meta":[],"product_cat":[62],"product_tag":[],"_links":{"self":[{"href":"https:\/\/desarrollo.estherbarniol.com\/sorina\/wp-json\/wp\/v2\/product\/8572"}],"collection":[{"href":"https:\/\/desarrollo.estherbarniol.com\/sorina\/wp-json\/wp\/v2\/product"}],"about":[{"href":"https:\/\/desarrollo.estherbarniol.com\/sorina\/wp-json\/wp\/v2\/types\/product"}],"replies":[{"embeddable":true,"href":"https:\/\/desarrollo.estherbarniol.com\/sorina\/wp-json\/wp\/v2\/comments?post=8572"}],"wp:featuredmedia":[{"embeddable":true,"href":"https:\/\/desarrollo.estherbarniol.com\/sorina\/wp-json\/wp\/v2\/media\/8579"}],"wp:attachment":[{"href":"https:\/\/desarrollo.estherbarniol.com\/sorina\/wp-json\/wp\/v2\/media?parent=8572"}],"wp:term":[{"taxonomy":"product_cat","embeddable":true,"href":"https:\/\/desarrollo.estherbarniol.com\/sorina\/wp-json\/wp\/v2\/product_cat?post=8572"},{"taxonomy":"product_tag","embeddable":true,"href":"https:\/\/desarrollo.estherbarniol.com\/sorina\/wp-json\/wp\/v2\/product_tag?post=8572"}],"curies":[{"name":"wp","href":"https:\/\/api.w.org\/{rel}","templated":true}]}}