{"id":8580,"date":"2024-09-12T09:15:35","date_gmt":"2024-09-12T09:15:35","guid":{"rendered":"https:\/\/desarrollo.estherbarniol.com\/sorina\/?post_type=product&#038;p=8580"},"modified":"2024-09-12T09:17:15","modified_gmt":"2024-09-12T09:17:15","slug":"lamina-terra","status":"publish","type":"product","link":"https:\/\/desarrollo.estherbarniol.com\/sorina\/product\/lamina-terra\/","title":{"rendered":"L\u00e0mina Terra"},"content":{"rendered":"<p>Impr\u00e8s en paper ecol\u00f2gic estucat mat de 300gr, a una cara i signat per davant.<\/p>\n<p>&nbsp;<\/p>\n<p>Mida: A4 (21\u00d729,7cm)<\/p>\n<p>&nbsp;<\/p>\n<p>No inclou marc.<\/p>\n","protected":false},"excerpt":{"rendered":"<p>L\u00e0mina a A4 (21\u00d729,7cm) per a tu, que estimes al nostre planeta i et preocupes per ell. \u00c9s un manifest i un comprom\u00eds que agafes cap a ell. Una conscienciaci\u00f3 sobre la import\u00e0ncia de cuidar-lo, perqu\u00e8 nom\u00e9s millorarem el nostre ecosistema i la problem\u00e0tica ambiental si prenem consci\u00e8ncia individual i ballem tots units en una mateixa direcci\u00f3.<\/p>\n","protected":false},"featured_media":8581,"comment_status":"open","ping_status":"closed","template":"","meta":[],"product_cat":[62],"product_tag":[],"_links":{"self":[{"href":"https:\/\/desarrollo.estherbarniol.com\/sorina\/wp-json\/wp\/v2\/product\/8580"}],"collection":[{"href":"https:\/\/desarrollo.estherbarniol.com\/sorina\/wp-json\/wp\/v2\/product"}],"about":[{"href":"https:\/\/desarrollo.estherbarniol.com\/sorina\/wp-json\/wp\/v2\/types\/product"}],"replies":[{"embeddable":true,"href":"https:\/\/desarrollo.estherbarniol.com\/sorina\/wp-json\/wp\/v2\/comments?post=8580"}],"wp:featuredmedia":[{"embeddable":true,"href":"https:\/\/desarrollo.estherbarniol.com\/sorina\/wp-json\/wp\/v2\/media\/8581"}],"wp:attachment":[{"href":"https:\/\/desarrollo.estherbarniol.com\/sorina\/wp-json\/wp\/v2\/media?parent=8580"}],"wp:term":[{"taxonomy":"product_cat","embeddable":true,"href":"https:\/\/desarrollo.estherbarniol.com\/sorina\/wp-json\/wp\/v2\/product_cat?post=8580"},{"taxonomy":"product_tag","embeddable":true,"href":"https:\/\/desarrollo.estherbarniol.com\/sorina\/wp-json\/wp\/v2\/product_tag?post=8580"}],"curies":[{"name":"wp","href":"https:\/\/api.w.org\/{rel}","templated":true}]}}