{"id":8583,"date":"2024-09-12T09:19:07","date_gmt":"2024-09-12T09:19:07","guid":{"rendered":"https:\/\/desarrollo.estherbarniol.com\/sorina\/?post_type=product&#038;p=8583"},"modified":"2024-09-12T09:23:54","modified_gmt":"2024-09-12T09:23:54","slug":"tot-bag-cares","status":"publish","type":"product","link":"https:\/\/desarrollo.estherbarniol.com\/sorina\/product\/tot-bag-cares\/","title":{"rendered":"Tot Bag Cares"},"content":{"rendered":"<p>Que tinguis un bon dia nom\u00e9s \u00e9s q\u00fcesti\u00f3 d&#8217;actitud. Aix\u00ed que digues, Quina cara esculls per avui? Vinga, esborra aquestes celles arrufades i dibuixa aquest somriure tan maco que tens.<\/p>\n<p>&nbsp;<\/p>\n<p>Aquesta \u00e9s una de les bosses superheroi: et treu un comprom\u00eds quan m\u00e9s ho necessites. Pr\u00e0ctica, c\u00f2moda, moderna i amb gran capacitat.<\/p>\n<p>&nbsp;<\/p>\n<p><b>Caracter\u00edstiques:<\/b><\/p>\n<p>Bossa de roba de cot\u00f3, color beix, tipus Tote Bag. Nansa llarga. Il\u00b7lustraci\u00f3 original d&#8217;Imma Mestre<\/p>\n<p>&nbsp;<\/p>\n<p>Impressi\u00f3 en serigrafia a color d\u00b4alta qualitat<\/p>\n<p>&nbsp;<\/p>\n<p>Material: cot\u00f3 100%<\/p>\n<p>&nbsp;<\/p>\n<p>Pes: 140gr<\/p>\n<p>&nbsp;<\/p>\n<p>Mida: 38x42cm<\/p>\n<p>&nbsp;<\/p>\n<p>Longitud de nansa: 65cm<\/p>\n<p>&nbsp;<\/p>\n<p><b>Informaci\u00f3 addicional<\/b><\/p>\n<p>Pes: 140 kg<\/p>\n<p>Dimensions: 42 \u00d7 38 cm<\/p>\n<p>Idioma: Castell\u00e0<\/p>\n","protected":false},"excerpt":{"rendered":"<p>Bossa de cot\u00f3 100%, color beix, tipus Tote Bag. Nansa llarga. Il\u00b7lustraci\u00f3 original.<\/p>\n<p>&nbsp;<\/p>\n<p>Que tinguis un bon dia nom\u00e9s \u00e9s q\u00fcesti\u00f3 d&#8217;actitud. Aix\u00ed que digues, Quina cara esculls per avui?<\/p>\n<p>&nbsp;<\/p>\n<p>Et treu un comprom\u00eds quan m\u00e9s ho necessites: Tens un imprevist? necessites fer una compra d&#8217;\u00faltima hora i no portes res on ficar-la? Que no t&#8217;entri el mal rotllo, obre la bossa i treu aquesta bossa de cot\u00f3. \u00c9s pr\u00e0ctica, hi cap tot el que necessites. Ben plegada, no ocupa espai. Ideal per portar-la sempre amb tu i oblidar-te d&#8217;aquests imprevistos.<\/p>\n<p>&nbsp;<\/p>\n<p>Vinga, esborra aquestes celles arrufades i dibuixa aquest somriure tan maco que tens.<\/p>\n<p>&nbsp;<\/p>\n<p>Tote Bag model \u00abCaras\u00bb en catal\u00e0<\/p>\n","protected":false},"featured_media":8590,"comment_status":"open","ping_status":"closed","template":"","meta":[],"product_cat":[62],"product_tag":[],"_links":{"self":[{"href":"https:\/\/desarrollo.estherbarniol.com\/sorina\/wp-json\/wp\/v2\/product\/8583"}],"collection":[{"href":"https:\/\/desarrollo.estherbarniol.com\/sorina\/wp-json\/wp\/v2\/product"}],"about":[{"href":"https:\/\/desarrollo.estherbarniol.com\/sorina\/wp-json\/wp\/v2\/types\/product"}],"replies":[{"embeddable":true,"href":"https:\/\/desarrollo.estherbarniol.com\/sorina\/wp-json\/wp\/v2\/comments?post=8583"}],"wp:featuredmedia":[{"embeddable":true,"href":"https:\/\/desarrollo.estherbarniol.com\/sorina\/wp-json\/wp\/v2\/media\/8590"}],"wp:attachment":[{"href":"https:\/\/desarrollo.estherbarniol.com\/sorina\/wp-json\/wp\/v2\/media?parent=8583"}],"wp:term":[{"taxonomy":"product_cat","embeddable":true,"href":"https:\/\/desarrollo.estherbarniol.com\/sorina\/wp-json\/wp\/v2\/product_cat?post=8583"},{"taxonomy":"product_tag","embeddable":true,"href":"https:\/\/desarrollo.estherbarniol.com\/sorina\/wp-json\/wp\/v2\/product_tag?post=8583"}],"curies":[{"name":"wp","href":"https:\/\/api.w.org\/{rel}","templated":true}]}}