{"id":8591,"date":"2024-09-12T09:27:46","date_gmt":"2024-09-12T09:27:46","guid":{"rendered":"https:\/\/desarrollo.estherbarniol.com\/sorina\/?post_type=product&#038;p=8591"},"modified":"2024-09-12T09:30:17","modified_gmt":"2024-09-12T09:30:17","slug":"tote-bag-queen-de-cors","status":"publish","type":"product","link":"https:\/\/desarrollo.estherbarniol.com\/sorina\/product\/tote-bag-queen-de-cors\/","title":{"rendered":"Tote Bag Queen de cors"},"content":{"rendered":"<p>Per qu\u00e8 vols ser una princesa de conte de Pinterest, si ja ets tota una reina? Una reina de cors, per qu\u00e8 et mou la passi\u00f3 i la teva actitud en surt. Del cor o m&#8217;equivoco?<\/p>\n<p>&nbsp;<\/p>\n<p>Aquesta \u00e9s una de les bosses superheroi: et treu un comprom\u00eds quan m\u00e9s ho necessites. Pr\u00e0ctica, c\u00f2moda, moderna i amb gran capacitat.<\/p>\n<p>&nbsp;<\/p>\n<p><b>Caracter\u00edstiques:<\/b><\/p>\n<p>Bossa de roba de cot\u00f3, color beix, tipus Tote Bag. Nansa llarga. Il\u00b7lustraci\u00f3 original d&#8217;Imma Mestre<\/p>\n<p>&nbsp;<\/p>\n<p>Impressi\u00f3 en serigrafia a color d\u00b4alta qualitat<\/p>\n<p>&nbsp;<\/p>\n<p>Material: cot\u00f3 100%<\/p>\n<p>&nbsp;<\/p>\n<p>Pes: 140gr<\/p>\n<p>&nbsp;<\/p>\n<p>Mida: 38x42cm<\/p>\n<p>&nbsp;<\/p>\n<p>Longitud de nansa: 65cm<\/p>\n<p>&nbsp;<\/p>\n<p>Perqu\u00e8 duri m\u00e9s, et recomano rentar-la i planxar-la del rev\u00e9s.<\/p>\n","protected":false},"excerpt":{"rendered":"<p>Bossa de cot\u00f3 100%, color beix, tipus Tote Bag. Nansa llarga. Il\u00b7lustraci\u00f3 original d&#8217;Imma Mestre<\/p>\n<p>&nbsp;<\/p>\n<p>Per qu\u00e8 vols ser una princesa de conte, de vida de Pinterest, si ja ets tota una reina? Una reina de cors, perqu\u00e8 et mou la passi\u00f3, l&#8217;emoci\u00f3. La teva actitud en surt. Del cor o m&#8217;equivoco?<\/p>\n<p>&nbsp;<\/p>\n<p>Aqu\u00ed tens una de les bosses superheroi: et treu un comprom\u00eds quan m\u00e9s ho necessites: Un imprevist; una compra d&#8217;\u00faltima hora\u2026 Una aut\u00e8ntica reina de cors t\u00e9 sempre la soluci\u00f3. Vols tindre un look original i pr\u00e0ctic? Penja&#8217;t del bra\u00e7 aquesta Tote i que els altres t&#8217;admirin.<\/p>\n<p>&nbsp;<\/p>\n<p>\u00c9s pr\u00e0ctica, hi cap tot el que necessites, m\u00e9s aquests imprescindibles que tant et defineixen. I ben plegada, no ocupa espai. Ideal per portar-la sempre amb tu.<\/p>\n<p>&nbsp;<\/p>\n<p>Vinga, posa&#8217;t aquesta corona ia ser la reina del dia a dia!<\/p>\n","protected":false},"featured_media":8595,"comment_status":"open","ping_status":"closed","template":"","meta":[],"product_cat":[62],"product_tag":[],"_links":{"self":[{"href":"https:\/\/desarrollo.estherbarniol.com\/sorina\/wp-json\/wp\/v2\/product\/8591"}],"collection":[{"href":"https:\/\/desarrollo.estherbarniol.com\/sorina\/wp-json\/wp\/v2\/product"}],"about":[{"href":"https:\/\/desarrollo.estherbarniol.com\/sorina\/wp-json\/wp\/v2\/types\/product"}],"replies":[{"embeddable":true,"href":"https:\/\/desarrollo.estherbarniol.com\/sorina\/wp-json\/wp\/v2\/comments?post=8591"}],"wp:featuredmedia":[{"embeddable":true,"href":"https:\/\/desarrollo.estherbarniol.com\/sorina\/wp-json\/wp\/v2\/media\/8595"}],"wp:attachment":[{"href":"https:\/\/desarrollo.estherbarniol.com\/sorina\/wp-json\/wp\/v2\/media?parent=8591"}],"wp:term":[{"taxonomy":"product_cat","embeddable":true,"href":"https:\/\/desarrollo.estherbarniol.com\/sorina\/wp-json\/wp\/v2\/product_cat?post=8591"},{"taxonomy":"product_tag","embeddable":true,"href":"https:\/\/desarrollo.estherbarniol.com\/sorina\/wp-json\/wp\/v2\/product_tag?post=8591"}],"curies":[{"name":"wp","href":"https:\/\/api.w.org\/{rel}","templated":true}]}}