{"id":8603,"date":"2024-09-12T09:36:56","date_gmt":"2024-09-12T09:36:56","guid":{"rendered":"https:\/\/desarrollo.estherbarniol.com\/sorina\/?post_type=product&#038;p=8603"},"modified":"2024-09-12T09:39:20","modified_gmt":"2024-09-12T09:39:20","slug":"lamina-pols-oposats","status":"publish","type":"product","link":"https:\/\/desarrollo.estherbarniol.com\/sorina\/product\/lamina-pols-oposats\/","title":{"rendered":"L\u00e0mina Pols oposats"},"content":{"rendered":"<p>L\u00e0mina amb la vinyeta Pols oposats del webc\u00f2mic Del pa\u00eds dels coixos, per regalar a qui m\u00e9s vols o per autoregalar-te (Per qu\u00e8 no?).<\/p>\n<p>&nbsp;<\/p>\n<p>Impr\u00e8s en paper estucat mat de 250gr, a una cara i signat per davant.<\/p>\n<p>&nbsp;<\/p>\n<p>Mides: A4 (21\u00d729,7cm).<\/p>\n<p>&nbsp;<\/p>\n<p>No inclou marc.<\/p>\n","protected":false},"excerpt":{"rendered":"<p>L\u00e0mina format A4 (21\u00d729,7cm) apostant pel sentit de l&#8217;humor per recordar-te, o recordar-li qui tu m\u00e9s vulguis, que els somnis cal viure&#8217;ls.<\/p>\n","protected":false},"featured_media":8606,"comment_status":"open","ping_status":"closed","template":"","meta":[],"product_cat":[62],"product_tag":[],"_links":{"self":[{"href":"https:\/\/desarrollo.estherbarniol.com\/sorina\/wp-json\/wp\/v2\/product\/8603"}],"collection":[{"href":"https:\/\/desarrollo.estherbarniol.com\/sorina\/wp-json\/wp\/v2\/product"}],"about":[{"href":"https:\/\/desarrollo.estherbarniol.com\/sorina\/wp-json\/wp\/v2\/types\/product"}],"replies":[{"embeddable":true,"href":"https:\/\/desarrollo.estherbarniol.com\/sorina\/wp-json\/wp\/v2\/comments?post=8603"}],"wp:featuredmedia":[{"embeddable":true,"href":"https:\/\/desarrollo.estherbarniol.com\/sorina\/wp-json\/wp\/v2\/media\/8606"}],"wp:attachment":[{"href":"https:\/\/desarrollo.estherbarniol.com\/sorina\/wp-json\/wp\/v2\/media?parent=8603"}],"wp:term":[{"taxonomy":"product_cat","embeddable":true,"href":"https:\/\/desarrollo.estherbarniol.com\/sorina\/wp-json\/wp\/v2\/product_cat?post=8603"},{"taxonomy":"product_tag","embeddable":true,"href":"https:\/\/desarrollo.estherbarniol.com\/sorina\/wp-json\/wp\/v2\/product_tag?post=8603"}],"curies":[{"name":"wp","href":"https:\/\/api.w.org\/{rel}","templated":true}]}}