{"id":8607,"date":"2024-09-12T10:11:08","date_gmt":"2024-09-12T10:11:08","guid":{"rendered":"https:\/\/desarrollo.estherbarniol.com\/sorina\/?post_type=product&#038;p=8607"},"modified":"2024-10-11T11:15:47","modified_gmt":"2024-10-11T11:15:47","slug":"retrat-il%c2%b7lustrat","status":"publish","type":"product","link":"https:\/\/desarrollo.estherbarniol.com\/sorina\/product\/retrat-il%c2%b7lustrat\/","title":{"rendered":"Retrat il\u00b7lustrat"},"content":{"rendered":"<p>Un retrat, amb estil propi i aire desenfadat, personalitzat al teu gust per emocionar qui et proposis.<\/p>\n<p>&nbsp;<\/p>\n<p>Aquesta modalitat de retrat il\u00b7lustrat se centra a recrear la teva hist\u00f2ria amb tot detall. Per aix\u00f2 tant personatges com fons s\u00f3n importants. Veureu que la vostra hist\u00f2ria cobra vida a trav\u00e9s de l\u2019expressi\u00f3 de cada personatge i l\u2019ambient que els envolta (ja sigui il\u00b7lustrat sobre un fons de paisatge, una habitaci\u00f3 o una textura). Tindr\u00e0s un retrat il\u00b7lustrat molt personal i ple d\u2019emoci\u00f3.<\/p>\n<p>&nbsp;<\/p>\n<p>***<\/p>\n<p>Enc\u00e0rrecs tancats.<\/p>\n<p>&nbsp;<\/p>\n<p>Pots subscriure-\u2018t a la newsletter per estar al dia de les novetats i saber quan obrir\u00e9 l\u2019agenda de nou.<\/p>\n<p>***<\/p>\n<p>&nbsp;<\/p>\n<p><b>Caracter\u00edstiques del servei de retrat il\u00b7lustrat<\/b><\/p>\n<p>&#8211; Estil c\u00f2mic (no realista). Com el de les imatges, per\u00f2 adaptat a tu.<\/p>\n<p>&#8211; Es realitza sota comanda.<\/p>\n<p>&#8211; El termini de lliurament \u00e9s de 30 dies feiners, depenent del tipus de retrat.<\/p>\n<p>&#8211; Principalment s\u2019imprimeix en format A3 (29,7x42cm), per\u00f2 si ho prefereixes, pot ser en A4 (21\u00d729,7cm) o en el format que necessitis. Per a formats m\u00e9s grans, el preu pot variar segons les mides i el transport.<\/p>\n<p>&#8211; Pots incloure tants personatges i mascotes com vulguis. Cada animal o persona que afegeixis, compten com a 1 personatge.<\/p>\n<p>&#8211; S\u2019imprimeix en paper blanc estucat mat de 300 gr.<\/p>\n<p>&#8211; Es lliura en un sobre r\u00edgid especial perqu\u00e8 t\u2019arribi en perfectes condicions i evitar que es doblegui.<\/p>\n<p><b>Idees per a regalar un retrat il.lustrat:<\/b> a regalar un retrat il.lustrat: aniversaris, aniversaris, comiats, comunions, fi de curs, dia del pare \/ dia de la mare, per recordar un dia especial, per dir \u201ct\u2019estimo\u201d\u2026 no veus el teu motiu per aqu\u00ed? Expl\u00edca-m\u2019ho i ho dibuixem!<\/p>\n<p>&nbsp;<\/p>\n<p>&nbsp;<\/p>\n<p>&nbsp;<\/p>\n<p><b>El servei de retrat il\u00b7lustrat \u00e9s ideal per a tu si:<\/b><\/p>\n<p>&#8211; Vols treure un somriure a aquesta persona especial.<\/p>\n<p>&#8211; Vols emocionar a la persona que rebr\u00e0 el retrat.<\/p>\n<p>&#8211; Se t\u2019han acabat les idees i necessites un regal original<\/p>\n<p>&#8211; Et vols donar un homenatge i veure\u2019t des de la perspectiva d\u2019una il.lustraci\u00f3 d\u2019estil propi, original, alegre, d\u2019aire desenfadat i amb molt bon rotllo.<\/p>\n<p>&#8211; Vols posar alegria i tendresa al teu dia a dia, o al de la persona que vulguis sorprendre.<\/p>\n<p>&#8211; Vols dir-li T\u2019estimo a una persona especial, d\u2019una forma original i emotiva.<\/p>\n<p>&nbsp;<\/p>\n<p>&nbsp;<\/p>\n<p><b>Com treballarem?<\/b><\/p>\n<p>1. Quan rebi la teva compra del retrat\u00a0 il\u00b7lustrat, em posar\u00e9 en contacte amb tu en un marge de 24\/48h per agendar la teva il\u00b7lustraci\u00f3 i concretar com enviar-me les fotos de qui vulguis que il\u00b7lustri.<\/p>\n<p>Per fer la teva hist\u00f2ria il\u00b7lustrada, necessitar\u00e9 com m\u00e9s fotos, millor. Poden estar fetes amb el m\u00f2bil i no cal que els personatges surtin junts en una mateixa foto, per\u00f2 s\u00ed que \u00e9s important que els protagonistes s\u2019han de veure b\u00e9 i no estar borrosos. Millor fer una selecci\u00f3 de fotos que es vegin des de tots els angles: de cos sencer, en moviment, frontal, de mig cos, somrient\u2026<\/p>\n<p>2. Un cop tingui les fotos, em posar\u00e9 a treballar a l\u2019esb\u00f3s de la proposta i la revisarem.<\/p>\n<p>3. Un cop validada, passarem al color.<\/p>\n<p>4. Un cop validat el color, t\u2019entregar\u00e9 la teva hist\u00f2ria il\u00b7lustrada en format paper i digital. El per\u00edode de lliurament de la teva il\u00b7lustraci\u00f3 \u00e9s d\u2019un mes (30 dies laborables) entre qu\u00e8 rebo el pagament i les fotos i arriba la il\u00b7lustraci\u00f3 a casa.<\/p>\n<p>&nbsp;<\/p>\n<p><b>Qu\u00e8 inclou el servei de retrat il\u00b7lustrat?<\/b><\/p>\n<p>&#8211; Una proposta d\u00b4il\u00b7lustraci\u00f3.<\/p>\n<p>&#8211; Esb\u00f3s a llapis + 3 revisions i validaci\u00f3 final.<\/p>\n<p>&#8211; Proposta a color + 3 revisions de color i validaci\u00f3 final.<\/p>\n<p>&#8211; Lliurament de la il\u00b7lustraci\u00f3 definitiva en format \u201c.jpg\u201d, a baixa resoluci\u00f3, \u00f2ptima per a suports digitals.<\/p>\n<p>&#8211; Lliurament de la il\u00b7lustraci\u00f3 definitiva, en format f\u00edsic, en mida A3 (o el que haguem acordat), en paper blanc estucat semimat de 300 gr.<\/p>\n<p>&#8211; Es lliura sense marc, en un sobre r\u00edgid perqu\u00e8 no es doblegui i t\u2019arribi en perfectes condicions.<\/p>\n<p>&nbsp;<\/p>\n<p><b>A tenir en compte:<\/b><\/p>\n<p>&#8211; El per\u00edode de lliurament de la teva il\u00b7lustraci\u00f3 \u00e9s d\u2019un mes (30 dies laborables) entre qu\u00e8 rebo el pagament i les fotos i arriba la il\u00b7lustraci\u00f3 a casa.<\/p>\n<p>&#8211; Els preus inclouen IVA.<\/p>\n<p>&#8211; El preu de l\u2019enviament es calcula segons la localitat de dest\u00ed, al final del proc\u00e9s de compra.<\/p>\n<p>&#8211; Cada revisi\u00f3 extra, fora de les que s\u2019inclouen en cada modalitat de retrat = +10 \u20ac\/modificaci\u00f3.<\/p>\n<p>&#8211; En cas de fer m\u00e9s d\u2019un esb\u00f3s, s\u2019incrementar\u00e0 el preu en +30 \u20ac\/esb\u00f3s.<\/p>\n<p>&#8211; En cas de cancel\u00b7laci\u00f3 despr\u00e9s de l\u2019esb\u00f3s inicial, es tornar\u00e0 el 50% del preu total. L\u2019altre 50% no es retorna en concepte de despeses de realitzaci\u00f3 i de temps invertit.<\/p>\n<p>&#8211; Un cop es preparen els fitxers per imprimir, no s\u2019admeten m\u00e9s canvis. Si volguessis canvis = +30 \u20ac\/canvi.<\/p>\n<p>&#8211; Per a m\u00e9s personatges, consulta\u2019m el preu.<\/p>\n<p>&#8211; No inclou el marc del quadre.<\/p>\n<p>&#8211; Un cop impresa la l\u00e0mina, els colors poden variar lleugerament.<\/p>\n<p>&nbsp;<\/p>\n<p><b>Drets de reproducci\u00f3<\/b><\/p>\n<p>Si no m\u2019indiques el contrari, un cop lliurada la il\u00b7lustraci\u00f3 final, em d\u00f3nes perm\u00eds per utilitzar-la al portfoli, en publicitat i\/o xarxes socials, com a exemple dels serveis que ofereixo.<\/p>\n<p>La il\u00b7lustraci\u00f3 es realitza en t\u00e8cnica digital, per\u00f2 est\u00e0 creada en exclusiva per a tu. Aix\u00f2 implica que no la podr\u00e9 tornar a imprimir ni modificar per a ning\u00fa m\u00e9s.<\/p>\n<p>Tens m\u00e9s informaci\u00f3 dels aspectes legals en les condicions de venda i la pol\u00edtica de privacitat.<\/p>\n<p>La il\u00b7lustraci\u00f3 lliurada \u00e9s per a \u00fas privat i personal. No es permet la redistribuci\u00f3 o revenda a tercers.<\/p>\n<p>Pots compartir-la a xarxes, per\u00f2 no la pots utilitzar com a part de la imatge corporativa.<\/p>\n<p>&nbsp;<\/p>\n<p>Si tens dubtes, vols comentar-me qualsevol cosa o ja vols reservar la teva hist\u00f2ria il\u00b7lustrada (en cas que l\u2019agenda estigui tancada), si us plau, abans de fer la teva comanda, escriu-me a hola@immamestre.com o mitjan\u00e7ant la p\u00e0gina de contacte i ho anem veient.<\/p>\n<p>&nbsp;<\/p>\n<p>Els retrats que veus son il.lustracions reals* de clients que han contractat el servei. Si us plau, respecta\u2019ls i no els utilitzis.<\/p>\n<p>&nbsp;<\/p>\n<p>(*) Perqu\u00e8 sigui m\u00e9s f\u00e0cil imaginar-te el teu retrat dins d\u2019un possible escenari, s\u2019ha fet una simulaci\u00f3 de la il\u00b7lustraci\u00f3 real sobre fotografies de banc d\u2019imatges cedides per freepik.<\/p>\n<p>&nbsp;<\/p>\n<p>&nbsp;<\/p>\n<p><b>Informaci\u00f3 addicional<\/b><\/p>\n<p>Dimensions: 29,7 \u00d7 0,2 \u00d7 42 cm<\/p>\n","protected":false},"excerpt":{"rendered":"<p>***<\/p>\n<p>Enc\u00e0rrecs tancats.<\/p>\n<p>&nbsp;<\/p>\n<p>Pots subscriure-\u2018t a la newsletter per estar al dia de les novetats i saber quan obrir\u00e9 l\u2019agenda de nou.<\/p>\n<p>***<\/p>\n<p>&nbsp;<\/p>\n<p>Un regal per emocionar, sorprendre i treure somriures. Se t\u2019han acabat les idees i ja no saps qu\u00e8 regalar? Vols rendir-te un homenatge? Aquest \u00e9s el teu regal. L\u2019opci\u00f3 m\u00e9s bonica, incre\u00efble i original per fer sentir especial la teva persona preferida.<\/p>\n<p>&nbsp;<\/p>\n<p>Abans de fer la teva compra, si us plau, llegeix atentament la descripci\u00f3 de les caracter\u00edstiques del servei de retrat il\u00b7lustrat i si tens dubtes, vols comentar-me qualsevol cosa o ja vols reservar el teu retrat il\u00b7lustrat (en cas que l\u2019agenda estigui tancada), si us plau , abans de fer la teva comanda, escriu-me a hola@immamestre.com o mitjan\u00e7ant la p\u00e0gina de contacte i ho anem veient.<\/p>\n","protected":false},"featured_media":8620,"comment_status":"open","ping_status":"closed","template":"","meta":[],"product_cat":[62],"product_tag":[],"_links":{"self":[{"href":"https:\/\/desarrollo.estherbarniol.com\/sorina\/wp-json\/wp\/v2\/product\/8607"}],"collection":[{"href":"https:\/\/desarrollo.estherbarniol.com\/sorina\/wp-json\/wp\/v2\/product"}],"about":[{"href":"https:\/\/desarrollo.estherbarniol.com\/sorina\/wp-json\/wp\/v2\/types\/product"}],"replies":[{"embeddable":true,"href":"https:\/\/desarrollo.estherbarniol.com\/sorina\/wp-json\/wp\/v2\/comments?post=8607"}],"wp:featuredmedia":[{"embeddable":true,"href":"https:\/\/desarrollo.estherbarniol.com\/sorina\/wp-json\/wp\/v2\/media\/8620"}],"wp:attachment":[{"href":"https:\/\/desarrollo.estherbarniol.com\/sorina\/wp-json\/wp\/v2\/media?parent=8607"}],"wp:term":[{"taxonomy":"product_cat","embeddable":true,"href":"https:\/\/desarrollo.estherbarniol.com\/sorina\/wp-json\/wp\/v2\/product_cat?post=8607"},{"taxonomy":"product_tag","embeddable":true,"href":"https:\/\/desarrollo.estherbarniol.com\/sorina\/wp-json\/wp\/v2\/product_tag?post=8607"}],"curies":[{"name":"wp","href":"https:\/\/api.w.org\/{rel}","templated":true}]}}